{"id":6221,"date":"2017-11-19T15:15:07","date_gmt":"2017-11-19T08:15:07","guid":{"rendered":"https:\/\/purna.vn\/?page_id=6221"},"modified":"2022-06-30T13:20:54","modified_gmt":"2022-06-30T06:20:54","slug":"frontpage","status":"publish","type":"page","link":"https:\/\/purna.vn\/ja\/frontpage\/","title":{"rendered":"Front Page"},"content":{"rendered":"<h2>Yoga, Vegan, Meditate<\/h2>\n<p>Ch\u00e0o m\u1eebng b\u1ea1n \u0111\u1ebfn v\u1edbi h\u00e0nh tr\u00ecnh kh\u00e1m ph\u00e1 cu\u1ed9c s\u1ed1ng v\u00e0 truy\u1ec1n c\u1ea3m h\u1ee9ng Yoga c\u1ee7a Purna<\/p>\n<p>\t\t\t\t\t<a href=\"#class\"><br \/>\n\t\t\t\t\t\t\t\t\t\t\u7df4\u7fd2\u3057\u307e\u3057\u3087\u3046<br \/>\n\t\t\t\t\t\t\t<\/a><br \/>\n\t\t\t\t\t<a href=\"\/ja\/about\/\"><br \/>\n\t\t\t\t\t\t\t\t\t\t\u81ea\u5df1\u7d39\u4ecb<br \/>\n\t\t\t\t\t\t\t<\/a><br \/>\n\t\t\t\t\t\t\t\t\t\t\t\t<img decoding=\"async\" width=\"768\" height=\"1153\" src=\"https:\/\/purna.vn\/wp-content\/uploads\/2018\/04\/purna-yoga-instructor-5-768x1153.jpg\" alt=\"\" loading=\"lazy\" srcset=\"https:\/\/purna.vn\/wp-content\/uploads\/2018\/04\/purna-yoga-instructor-5-768x1153.jpg 768w, https:\/\/purna.vn\/wp-content\/uploads\/2018\/04\/purna-yoga-instructor-5-33x50.jpg 33w, https:\/\/purna.vn\/wp-content\/uploads\/2018\/04\/purna-yoga-instructor-5-333x500.jpg 333w, https:\/\/purna.vn\/wp-content\/uploads\/2018\/04\/purna-yoga-instructor-5-600x900.jpg 600w, https:\/\/purna.vn\/wp-content\/uploads\/2018\/04\/purna-yoga-instructor-5-380x570.jpg 380w, https:\/\/purna.vn\/wp-content\/uploads\/2018\/04\/purna-yoga-instructor-5.jpg 1066w, https:\/\/purna.vn\/wp-content\/uploads\/2018\/04\/purna-yoga-instructor-5-720x1081.jpg 720w\" sizes=\"auto, (max-width: 768px) 100vw, 768px\" title=\"\">\t\t\t\t\t\t\t\t\t\t\t\t\t\t<\/p>\n<h2><a href=\"\/ja\/category\/yoga\/\">\u30e8\u30ac<\/a><\/h2>\n<p>\u672a\u6765\u3092\u5438\u3044\u8fbc\u307f\u3001\u904e\u53bb\u3092\u5410\u304d\u51fa\u3059\u3002<\/p>\n<p>\t\t\t\t\t\t\t\t\t\t\t\t\t<a href=\"\/ja\/category\/yoga\/\"><br \/>\n\t\t\t\t\t\t\t<img decoding=\"async\" src=\"https:\/\/purna.vn\/wp-content\/uploads\/2018\/04\/purna-yoga-instructor-3-380x570.jpg\" title=\"purna yoga instructor 3\" alt=\"purna yoga instructor 3\" \/>\t\t\t\t\t\t\t\t<\/a><\/p>\n<h2><a href=\"\/ja\/category\/eat\/\">\u30d3\u30fc\u30ac\u30f3<\/a><\/h2>\n<p>\u4f53\u306f\u5ead\u3067\u3059\u3002 \u30f4\u30a3\u30fc\u30ac\u30f3\u306b\u306a\u308a\u307e\u3057\u3087\u3046\u3002<\/p>\n<p>\t\t\t\t\t\t\t\t\t\t\t\t\t<a href=\"\/ja\/category\/eat\/\"><br \/>\n\t\t\t\t\t\t\t<img decoding=\"async\" src=\"https:\/\/purna.vn\/wp-content\/uploads\/2018\/01\/vegan-1-380x570.jpg\" title=\"vegan 1\" alt=\"vegan 1\" \/>\t\t\t\t\t\t\t\t<\/a><\/p>\n<h2><a href=\"\/ja\/category\/meditate\/\">\u7791\u60f3<\/a><\/h2>\n<p>\u4e0a\u306f\u7a7a\u3001\u4e0b\u306f\u5927\u5730\u3001\u5185\u306f\u5e73\u548c\u3002<\/p>\n<p>\t\t\t\t\t\t\t\t\t\t\t\t\t<a href=\"\/ja\/category\/meditate\/\"><br \/>\n\t\t\t\t\t\t\t<img decoding=\"async\" src=\"https:\/\/purna.vn\/wp-content\/uploads\/2019\/07\/273A0782-380x570.jpg\" title=\"273A0782\" alt=\"273A0782\" \/>\t\t\t\t\t\t\t\t<\/a><\/p>\n<h2>\u30e8\u30ac\u30b9\u30b1\u30b8\u30e5\u30fc\u30eb<\/h2>\n<p>         \u706b\u66dc\u65e5 <\/p>\n<article>\n<h4>\n                    <a data-event-id=\"18245\" href=\"https:\/\/purna.vn\/ja\/class\/open-class-daily\/\" target=\"m1\" rel=\"noopener\">Open Class Daily<\/a>                                                        <\/h4>\n<p>                                        05:15 &#8211; 06:15<br \/>\n                                            Studio 1<br \/>\n                                            \u30d7\u30eb\u30ca<br \/>\n        <\/article>\n<article>\n<h4>\n                    <a data-event-id=\"18313\" href=\"https:\/\/purna.vn\/ja\/class\/beginner-class-am\/\" target=\"m1\" rel=\"noopener\">Beginner Class (Morning)<\/a>                                                        <\/h4>\n<p>                                        06:15 &#8211; 07:15<br \/>\n                                            Studio 1<br \/>\n                                            \u30d7\u30eb\u30ca<br \/>\n        <\/article>\n<article>\n<h4>\n                    <a data-event-id=\"18363\" href=\"https:\/\/purna.vn\/ja\/class\/beginner-class-lunch-time\/\" target=\"m1\" rel=\"noopener\">Beginner Class (Lunch Time)<\/a>                                                        <\/h4>\n<p>                                        11:00 &#8211; 12:00<br \/>\n                                            Studio 1<br \/>\n                                            \u30d7\u30eb\u30ca<br \/>\n        <\/article>\n<article>\n<h4>\n                    <a data-event-id=\"18247\" href=\"https:\/\/purna.vn\/ja\/class\/beginner-class\/\" target=\"m1\" rel=\"noopener\">Beginner Class (Evening)<\/a>                                                        <\/h4>\n<p>                                        18:45 &#8211; 19:45<br \/>\n                                            Studio 1<br \/>\n                                            \u30d7\u30eb\u30ca<br \/>\n        <\/article>\n<p>         \u706b\u66dc\u65e5 <\/p>\n<article>\n<h4>\n                    <a data-event-id=\"18245\" href=\"https:\/\/purna.vn\/ja\/class\/open-class-daily\/\" target=\"m1\" rel=\"noopener\">Open Class Daily<\/a>                                                        <\/h4>\n<p>                                        05:15 &#8211; 06:15<br \/>\n                                            Studio 1<br \/>\n                                            \u30d7\u30eb\u30ca<br \/>\n        <\/article>\n<p>         \u6c34\u66dc\u65e5 <\/p>\n<article>\n<h4>\n                    <a data-event-id=\"18245\" href=\"https:\/\/purna.vn\/ja\/class\/open-class-daily\/\" target=\"m1\" rel=\"noopener\">Open Class Daily<\/a>                                                        <\/h4>\n<p>                                        05:15 &#8211; 06:15<br \/>\n                                            Studio 1<br \/>\n                                            \u30d7\u30eb\u30ca<br \/>\n        <\/article>\n<article>\n<h4>\n                    <a data-event-id=\"18313\" href=\"https:\/\/purna.vn\/ja\/class\/beginner-class-am\/\" target=\"m1\" rel=\"noopener\">Beginner Class (Morning)<\/a>                                                        <\/h4>\n<p>                                        06:15 &#8211; 07:15<br \/>\n                                            Studio 1<br \/>\n                                            \u30d7\u30eb\u30ca<br \/>\n        <\/article>\n<article>\n<h4>\n                    <a data-event-id=\"18363\" href=\"https:\/\/purna.vn\/ja\/class\/beginner-class-lunch-time\/\" target=\"m1\" rel=\"noopener\">Beginner Class (Lunch Time)<\/a>                                                        <\/h4>\n<p>                                        11:00 &#8211; 12:00<br \/>\n                                            Studio 1<br \/>\n                                            \u30d7\u30eb\u30ca<br \/>\n        <\/article>\n<article>\n<h4>\n                    <a data-event-id=\"18247\" href=\"https:\/\/purna.vn\/ja\/class\/beginner-class\/\" target=\"m1\" rel=\"noopener\">Beginner Class (Evening)<\/a>                                                        <\/h4>\n<p>                                        18:45 &#8211; 19:45<br \/>\n                                            Studio 1<br \/>\n                                            \u30d7\u30eb\u30ca<br \/>\n        <\/article>\n<p>         \u6728\u66dc\u65e5 <\/p>\n<article>\n<h4>\n                    <a data-event-id=\"18245\" href=\"https:\/\/purna.vn\/ja\/class\/open-class-daily\/\" target=\"m1\" rel=\"noopener\">Open Class Daily<\/a>                                                        <\/h4>\n<p>                                        05:15 &#8211; 06:15<br \/>\n                                            Studio 1<br \/>\n                                            \u30d7\u30eb\u30ca<br \/>\n        <\/article>\n<p>         \u91d1\u66dc\u65e5 <\/p>\n<article>\n<h4>\n                    <a data-event-id=\"18245\" href=\"https:\/\/purna.vn\/ja\/class\/open-class-daily\/\" target=\"m1\" rel=\"noopener\">Open Class Daily<\/a>                                                        <\/h4>\n<p>                                        05:15 &#8211; 06:15<br \/>\n                                            Studio 1<br \/>\n                                            \u30d7\u30eb\u30ca<br \/>\n        <\/article>\n<article>\n<h4>\n                    <a data-event-id=\"18313\" href=\"https:\/\/purna.vn\/ja\/class\/beginner-class-am\/\" target=\"m1\" rel=\"noopener\">Beginner Class (Morning)<\/a>                                                        <\/h4>\n<p>                                        06:15 &#8211; 07:15<br \/>\n                                            Studio 1<br \/>\n                                            \u30d7\u30eb\u30ca<br \/>\n        <\/article>\n<article>\n<h4>\n                    <a data-event-id=\"18363\" href=\"https:\/\/purna.vn\/ja\/class\/beginner-class-lunch-time\/\" target=\"m1\" rel=\"noopener\">Beginner Class (Lunch Time)<\/a>                                                        <\/h4>\n<p>                                        11:00 &#8211; 12:00<br \/>\n                                            Studio 1<br \/>\n                                            \u30d7\u30eb\u30ca<br \/>\n        <\/article>\n<article>\n<h4>\n                    <a data-event-id=\"18247\" href=\"https:\/\/purna.vn\/ja\/class\/beginner-class\/\" target=\"m1\" rel=\"noopener\">Beginner Class (Evening)<\/a>                                                        <\/h4>\n<p>                                        18:45 &#8211; 19:45<br \/>\n                                            Studio 1<br \/>\n                                            \u30d7\u30eb\u30ca<br \/>\n        <\/article>\n<p>         \u571f\u66dc\u65e5 <\/p>\n<article>\n<h4>\n                    <a data-event-id=\"18365\" href=\"https:\/\/purna.vn\/ja\/class\/yin-yoga\/\" target=\"m1\" rel=\"noopener\">Yin Yoga<\/a>                                                        <\/h4>\n<p>                                        06:00 &#8211; 07:00<br \/>\n                                            Studio 1<br \/>\n                                            \u30d7\u30eb\u30ca<br \/>\n        <\/article>\n<p>\t\t\t<a href=\"\/ja\/classes\/\" role=\"button\"><br \/>\n\t\t\t\t\t\t\u8a73\u7d30\u3092\u898b\u308b<br \/>\n\t\t\t\t\t<\/a><\/p>\n<h2>\u30d7\u30eb\u30ca\u306e\u30d6\u30ed\u30b0<\/h2>\n<p>\t\t\t<a href=\"https:\/\/purna.vn\/ja\/chia-se-kinh-nghiem-duc-ket-khi-tap-ashtanga\/\" target=\"_self\" title=\"Chia s\u1ebb kinh nghi\u1ec7m \u0111\u00fac k\u1ebft khi t\u1eadp Ashtanga\" rel=\"noopener\"><img decoding=\"async\" src=\"https:\/\/purna.vn\/wp-content\/uploads\/2022\/05\/ECA64E55-5EC0-427A-83AB-5BA4E5A4CDF6-680x290.jpg\" title=\"ECA64E55-5EC0-427A-83AB-5BA4E5A4CDF6\" alt=\"ECA64E55-5EC0-427A-83AB-5BA4E5A4CDF6\" \/><\/a><br \/>\n\t\t\t\t\t\t\t\u30e8\u30ac<\/p>\n<h3>\n\t\t\t\t\t\t<a href=\"https:\/\/purna.vn\/ja\/chia-se-kinh-nghiem-duc-ket-khi-tap-ashtanga\/\" target=\"_self\" rel=\"noopener\"><br \/>\n\t\t\t\tChia s\u1ebb kinh nghi\u1ec7m \u0111\u00fac k\u1ebft khi t\u1eadp Ashtanga\t\t\t<\/a><br \/>\n\t\t\t\t<\/h3>\n<p>\t\t\t<a href=\"https:\/\/purna.vn\/ja\/mantra-20-06-22-doi-mat-voi-nhung-viec-khong-thich\/\" target=\"_self\" title=\"[Mantra 20\/06\/22] \u0110\u1ed1i m\u1eb7t v\u1edbi nh\u1eefng vi\u1ec7c kh\u00f4ng th\u00edch\" rel=\"noopener\"><img decoding=\"async\" src=\"https:\/\/purna.vn\/wp-content\/uploads\/2022\/06\/unhappy-680x290.jpg\" title=\"unhappy\" alt=\"unhappy\" \/><\/a><br \/>\n\t\t\t\t\t\t\tLifestyle<\/p>\n<h3>\n\t\t\t\t\t\t<a href=\"https:\/\/purna.vn\/ja\/mantra-20-06-22-doi-mat-voi-nhung-viec-khong-thich\/\" target=\"_self\" rel=\"noopener\"><br \/>\n\t\t\t\t[Mantra 20\/06\/22] \u0110\u1ed1i m\u1eb7t v\u1edbi nh\u1eefng vi\u1ec7c kh\u00f4ng th\u00edch\t\t\t<\/a><br \/>\n\t\t\t\t<\/h3>\n<p>\t\t\t<a href=\"https:\/\/purna.vn\/ja\/hanh-trinh-tro-thanh-ironman-tien-bo-moi-ngua-chien-moi\/\" target=\"_self\" title=\"[H\u00e0nh tr\u00ecnh tr\u1edf th\u00e0nh IronMan]\u00a0\u00a0Ti\u1ebfn b\u1ed9 m\u1edbi &#8211; &#8220;Ng\u1ef1a chi\u1ebfn&#8221; m\u1edbi\" rel=\"noopener\"><img decoding=\"async\" src=\"https:\/\/purna.vn\/wp-content\/uploads\/2022\/06\/ironman-680x290.jpg\" title=\"ironman\" alt=\"ironman\" \/><\/a><br \/>\n\t\t\t\t\t\t\tLifestyle<\/p>\n<h3>\n\t\t\t\t\t\t<a href=\"https:\/\/purna.vn\/ja\/hanh-trinh-tro-thanh-ironman-tien-bo-moi-ngua-chien-moi\/\" target=\"_self\" rel=\"noopener\"><br \/>\n\t\t\t\t[H\u00e0nh tr\u00ecnh tr\u1edf th\u00e0nh IronMan]\u00a0\u00a0Ti\u1ebfn b\u1ed9 m\u1edbi &#8211; &#8220;Ng\u1ef1a chi\u1ebfn&#8221; m\u1edbi\t\t\t<\/a><br \/>\n\t\t\t\t<\/h3>\n<p>\t\t\t<a href=\"https:\/\/purna.vn\/ja\/cam-giac-du-tu-ben-trong-that-tuyet-voi\/\" target=\"_self\" title=\"C\u1ea3m gi\u00e1c &#8220;\u0111\u1ee7&#8221; t\u1eeb b\u00ean trong th\u1eadt tuy\u1ec7t v\u1eddi!\" rel=\"noopener\"><img decoding=\"async\" src=\"https:\/\/purna.vn\/wp-content\/uploads\/2022\/06\/EC78AAC7-FEF8-4334-96B3-B3449D28FE6A-680x290.jpg\" title=\"EC78AAC7-FEF8-4334-96B3-B3449D28FE6A\" alt=\"EC78AAC7-FEF8-4334-96B3-B3449D28FE6A\" \/><\/a><br \/>\n\t\t\t\t\t\t\tLifestyle<\/p>\n<h3>\n\t\t\t\t\t\t<a href=\"https:\/\/purna.vn\/ja\/cam-giac-du-tu-ben-trong-that-tuyet-voi\/\" target=\"_self\" rel=\"noopener\"><br \/>\n\t\t\t\tC\u1ea3m gi\u00e1c &#8220;\u0111\u1ee7&#8221; t\u1eeb b\u00ean trong th\u1eadt tuy\u1ec7t v\u1eddi!\t\t\t<\/a><br \/>\n\t\t\t\t<\/h3>\n<p>\t\t\t<a href=\"https:\/\/purna.vn\/ja\/hanh-trinh-tro-thanh-ironman-sang-to-nhung-ngo-nhan-sai-lam-khi-tap-ba-mon-phoi-hop\/\" target=\"_self\" title=\"[H\u00e0nh tr\u00ecnh tr\u1edf th\u00e0nh IronMan] S\u00e1ng t\u1ecf nh\u1eefng ng\u1ed9 nh\u1eadn sai l\u1ea7m khi t\u1eadp ba m\u00f4n ph\u1ed1i h\u1ee3p\" rel=\"noopener\"><img decoding=\"async\" src=\"https:\/\/purna.vn\/wp-content\/uploads\/2022\/06\/IMG_6534-680x290.jpg\" title=\"IMG_6534\" alt=\"IMG_6534\" \/><\/a><br \/>\n\t\t\t\t\t\t\tLifestyle<\/p>\n<h3>\n\t\t\t\t\t\t<a href=\"https:\/\/purna.vn\/ja\/hanh-trinh-tro-thanh-ironman-sang-to-nhung-ngo-nhan-sai-lam-khi-tap-ba-mon-phoi-hop\/\" target=\"_self\" rel=\"noopener\"><br \/>\n\t\t\t\t[H\u00e0nh tr\u00ecnh tr\u1edf th\u00e0nh IronMan] S\u00e1ng t\u1ecf nh\u1eefng ng\u1ed9 nh\u1eadn sai l\u1ea7m khi t\u1eadp ba m\u00f4n ph\u1ed1i h\u1ee3p\t\t\t<\/a><br \/>\n\t\t\t\t<\/h3>\n<p>\t\t\t<a href=\"https:\/\/purna.vn\/ja\/mantra-22-05-2022-tap-het-suc-choi-het-minh-song-het-tam\/\" target=\"_self\" title=\"Mantra 22\/05\/2022: T\u1eadp h\u1ebft s\u1ee9c &#8211; ch\u01a1i h\u1ebft m\u00ecnh &#8211; s\u1ed1ng h\u1ebft t\u00e2m\" rel=\"noopener\"><img decoding=\"async\" src=\"https:\/\/purna.vn\/wp-content\/uploads\/2022\/05\/081022C8-BF2A-4832-B8B5-CE49D5035F19-680x290.jpg\" title=\"081022C8-BF2A-4832-B8B5-CE49D5035F19\" alt=\"081022C8-BF2A-4832-B8B5-CE49D5035F19\" \/><\/a><br \/>\n\t\t\t\t\t\t\tLifestyle<\/p>\n<h3>\n\t\t\t\t\t\t<a href=\"https:\/\/purna.vn\/ja\/mantra-22-05-2022-tap-het-suc-choi-het-minh-song-het-tam\/\" target=\"_self\" rel=\"noopener\"><br \/>\n\t\t\t\tMantra 22\/05\/2022: T\u1eadp h\u1ebft s\u1ee9c &#8211; ch\u01a1i h\u1ebft m\u00ecnh &#8211; s\u1ed1ng h\u1ebft t\u00e2m\t\t\t<\/a><br \/>\n\t\t\t\t<\/h3>\n<p>\t\t<a href=\"\/ja\/blog\/\">Xem B\u00e0i Vi\u1ebft<\/a><\/p>\n<p>\u0102n chay \u0111\u1ec3 t\u0129nh t\u00e2m v\u00e0 th\u01b0 th\u00e1i h\u01a1n<\/p>\n<p>\t\t\t<a href=\"\/ja\/category\/eat\/\" role=\"button\"><br \/>\n\t\t\t\t\t\tChi Ti\u1ebft<br \/>\n\t\t\t\t\t<\/a><\/p>\n<h2>Purna&#8217;s Shop<\/h2>\n<div class=\"woocommerce columns-3\"><ul class=\"products content-wrap product-archive grid-cols grid-sm-col-2 grid-lg-col-3 woo-archive-action-on-hover woo-archive-btn-text  woo-archive-image-hover-none\"><li class=\"entry content-bg loop-entry product type-product post-39625 status-publish first instock product_cat-yoga virtual purchasable product-type-simple\">\n\t<a href=\"https:\/\/purna.vn\/ja\/shop\/yoga-standard-plan\/\" class=\"woocommerce-loop-image-link woocommerce-LoopProduct-link woocommerce-loop-product__link\"><img loading=\"lazy\" decoding=\"async\" width=\"530\" height=\"530\" src=\"https:\/\/purna.vn\/wp-content\/uploads\/woocommerce-placeholder-530x530.png\" class=\"woocommerce-placeholder wp-post-image\" alt=\"\u30d7\u30ec\u30fc\u30b9\u30db\u30eb\u30c0\u30fc\" srcset=\"https:\/\/purna.vn\/wp-content\/uploads\/woocommerce-placeholder-530x530.png 530w, https:\/\/purna.vn\/wp-content\/uploads\/woocommerce-placeholder-150x150.png 150w, https:\/\/purna.vn\/wp-content\/uploads\/woocommerce-placeholder-500x500.png 500w, https:\/\/purna.vn\/wp-content\/uploads\/woocommerce-placeholder-768x768.png 768w, https:\/\/purna.vn\/wp-content\/uploads\/woocommerce-placeholder-900x900.png 900w, https:\/\/purna.vn\/wp-content\/uploads\/woocommerce-placeholder.png 1200w\" sizes=\"auto, (max-width: 530px) 100vw, 530px\" title=\"\" data-no-translation-alt=\"\"><\/a><div class=\"product-details content-bg entry-content-wrap\"><h2 class=\"woocommerce-loop-product__title\"><a href=\"https:\/\/purna.vn\/ja\/shop\/yoga-standard-plan\/\" class=\"woocommerce-LoopProduct-link-title woocommerce-loop-product__title_ink\">Online Yoga &#8211; Standard Plan<\/a><\/h2>\n\t<span class=\"price\"><span class=\"woocommerce-Price-amount amount\"><bdi>9,000&nbsp;<span class=\"woocommerce-Price-currencySymbol\">&yen;<\/span><\/bdi><\/span><\/span>\n<div class=\"product-action-wrap\"><\/div><\/div><\/li>\n<\/ul>\n<\/div>\n<p><a href=\"\/ja\/shop\/\">Xem S\u1ea3n Ph\u1ea9m<\/a><\/p>","protected":false},"excerpt":{"rendered":"<p>Yoga, Vegan, Meditate Ch\u00e0o m\u1eebng b\u1ea1n \u0111\u1ebfn v\u1edbi h\u00e0nh tr\u00ecnh kh\u00e1m ph\u00e1 cu\u1ed9c s\u1ed1ng v\u00e0 truy\u1ec1n c\u1ea3m h\u1ee9ng Yoga c\u1ee7a Purna T\u1eadp Luy\u1ec7n C\u00f9ng Purna Gi\u1edbi Thi\u1ec7u Yoga Inhale the future, exhale the past. \u0102n Chay My body is a garden. Go vegan. Thi\u1ec1n Sky above, earth below, peace within. L\u1ecbch T\u1eadp Yoga Th\u1ee9 Hai Open Class Daily 05:15 &#8211; 06:15 Studio 1 Purna Beginner Class (Morning) 06:15 &#8211; 07:15 Studio 1 Purna Beginner Class (Lunch Time) 11:00 &#8211; 12:00 Studio 1 Purna Beginner Class (Evening) 18:45 &#8211; 19:45 Studio 1 Purna Th\u1ee9 Ba Open Class Daily 05:15 &#8211; 06:15 Studio 1 Purna Th\u1ee9 T\u01b0 Open Class Daily 05:15 &#8211;&#8230;<\/p>","protected":false},"author":446663,"featured_media":0,"parent":0,"menu_order":0,"comment_status":"closed","ping_status":"closed","template":"","meta":{"_acf_changed":false,"bwfblock_default_font":"","_kad_blocks_custom_css":"","_kad_blocks_head_custom_js":"","_kad_blocks_body_custom_js":"","_kad_blocks_footer_custom_js":"","_kad_post_transparent":"","_kad_post_title":"hide","_kad_post_layout":"fullwidth","_kad_post_sidebar_id":"","_kad_post_content_style":"","_kad_post_vertical_padding":"","_kad_post_feature":"","_kad_post_feature_position":"","_kad_post_header":false,"_kad_post_footer":false,"_kad_post_classname":"","footnotes":""},"class_list":["post-6221","page","type-page","status-publish","hentry"],"acf":[],"taxonomy_info":[],"featured_image_src_large":false,"author_info":{"display_name":"Thuan","author_link":"https:\/\/purna.vn\/ja\/author\/thuanbui\/"},"comment_info":0,"_links":{"self":[{"href":"https:\/\/purna.vn\/ja\/wp-json\/wp\/v2\/pages\/6221","targetHints":{"allow":["GET"]}}],"collection":[{"href":"https:\/\/purna.vn\/ja\/wp-json\/wp\/v2\/pages"}],"about":[{"href":"https:\/\/purna.vn\/ja\/wp-json\/wp\/v2\/types\/page"}],"author":[{"embeddable":true,"href":"https:\/\/purna.vn\/ja\/wp-json\/wp\/v2\/users\/446663"}],"replies":[{"embeddable":true,"href":"https:\/\/purna.vn\/ja\/wp-json\/wp\/v2\/comments?post=6221"}],"version-history":[{"count":35,"href":"https:\/\/purna.vn\/ja\/wp-json\/wp\/v2\/pages\/6221\/revisions"}],"predecessor-version":[{"id":19273,"href":"https:\/\/purna.vn\/ja\/wp-json\/wp\/v2\/pages\/6221\/revisions\/19273"}],"wp:attachment":[{"href":"https:\/\/purna.vn\/ja\/wp-json\/wp\/v2\/media?parent=6221"}],"curies":[{"name":"wp","href":"https:\/\/api.w.org\/{rel}","templated":true}]}}