{"id":39583,"date":"2024-10-28T18:10:27","date_gmt":"2024-10-28T11:10:27","guid":{"rendered":"https:\/\/purna.vn\/?page_id=39583"},"modified":"2024-10-28T18:22:45","modified_gmt":"2024-10-28T11:22:45","slug":"commerce-disclosure","status":"publish","type":"page","link":"https:\/\/purna.vn\/ja\/commerce-disclosure\/","title":{"rendered":"\u7279\u5b9a\u5546\u53d6\u5f15\u6cd5\u306b\u57fa\u3065\u304f\u8868\u8a18"},"content":{"rendered":"<h2 class=\"wp-block-heading\">1. Purna Studio<\/h2>\n\n\n\n<p><strong>\u4e8b\u696d\u8005\u540d<\/strong> PURNA\u5408\u540c\u4f1a\u793e<br><strong>\u4e8b\u696d\u8005\u4f4f\u6240<\/strong> \u65e5\u672c\u3001\u5bcc\u5c71\u770c\u3001\u5bcc\u5c71\u5e02\u3001\u5e38\u76e4\u53f0\uff13\uff16\u2212\uff11\uff12<br><strong>\u4e8b\u696d\u8005\u96fb\u8a71\u756a\u53f7\uff1a<\/strong> +81 70-8476-3069<br><strong>\u30e1\u30fc\u30eb\u30a2\u30c9\u30ec\u30b9\uff1a<\/strong> hi@purna.vn<br><strong>\u55b6\u696d\u6642\u9593\uff1a<\/strong> 07:00 &#8211; 20:00<br><strong>\u63d0\u4f9b\u30b5\u30fc\u30d3\u30b9\u3068\u5546\u54c1<\/strong> Purna Studio\u3067\u306f\u3001\u30e8\u30ac\u30af\u30e9\u30b9\u3001\u30ef\u30fc\u30af\u30b7\u30e7\u30c3\u30d7\u3001\u30d7\u30e9\u30a4\u30d9\u30fc\u30c8\u30bb\u30c3\u30b7\u30e7\u30f3\u3001\u95a2\u9023\u30b5\u30fc\u30d3\u30b9\u3092\u63d0\u4f9b\u3057\u3066\u3044\u307e\u3059\u3002<\/p>\n\n\n\n<h2 class=\"wp-block-heading\">2. \u4fa1\u683c\u3068\u652f\u6255\u3044\u306b\u95a2\u3059\u308b\u8a73\u7d30<\/h2>\n\n\n\n<p>\u3059\u3079\u3066\u306e\u4fa1\u683c\u306f[\u901a\u8ca8\u3001\u5186 (JPY) \u3067\u8868\u793a\u3055\u308c\u3001\u9069\u7528\u3055\u308c\u308b\u7a0e\u91d1\u3092\u542b\u307f\u307e\u3059\u3002\u304a\u652f\u6255\u3044\u306f\u8cfc\u5165\u6642\u306b\u51e6\u7406\u3055\u308c\u307e\u3059\u3002\u3054\u5229\u7528\u3044\u305f\u3060\u3051\u308b\u304a\u652f\u6255\u3044\u65b9\u6cd5\u306b\u306f[\u30af\u30ec\u30b8\u30c3\u30c8\u30ab\u30fc\u30c9\u3001\u30c7\u30d3\u30c3\u30c8\u30ab\u30fc\u30c9\u3001Stripe\u306a\u3069]\u304c\u3042\u308a\u307e\u3059\u3002<\/p>\n\n\n\n<h2 class=\"wp-block-heading\">3. \u8fd4\u91d1\u30dd\u30ea\u30b7\u30fc<\/h2>\n\n\n\n<p>Purna Studio\u3067\u306f\u3001\u9ad8\u54c1\u8cea\u306a\u30b5\u30fc\u30d3\u30b9\u306e\u63d0\u4f9b\u306b\u52aa\u3081\u3066\u3044\u307e\u3059\u3002\u4e88\u7d04\u30ad\u30e3\u30f3\u30bb\u30eb\u306f\u30af\u30e9\u30b9\u958b\u59cb\u306e24\u6642\u9593\u524d\u307e\u3067\u306b\u884c\u3046\u5834\u5408\u306b\u5168\u984d\u8fd4\u91d1\u3044\u305f\u3057\u307e\u3059\u3002\u4e8b\u524d\u306e\u901a\u77e5\u306a\u3057\u306b\u6b20\u5e2d\u3055\u308c\u305f\u5834\u5408\u306f\u8fd4\u91d1\u3067\u304d\u307e\u305b\u3093\u3002<\/p>\n\n\n\n<h2 class=\"wp-block-heading\">4. Ch\u00ednh S\u00e1ch B\u1ea3o M\u1eadt<\/h2>\n\n\n\n<p class=\" translation-block\">\u304a\u5ba2\u69d8\u306e\u30d7\u30e9\u30a4\u30d0\u30b7\u30fc\u4fdd\u8b77\u306b\u52aa\u3081\u3066\u304a\u308a\u307e\u3059\u3002\u8a73\u7d30\u306b\u3064\u3044\u3066\u306f\u3001<a href=\"https:\/\/purna.vn\/ja\/privacy-policy\/\" target=\"_self\">\u30d7\u30e9\u30a4\u30d0\u30b7\u30fc\u30dd\u30ea\u30b7\u30fc<\/a>\u3092\u3054\u89a7\u304f\u3060\u3055\u3044\u3002<\/p>\n\n\n\n<h2 class=\"wp-block-heading\">5. \u304a\u554f\u3044\u5408\u308f\u305b\u5148<\/h2>\n\n\n\n<p>\u3054\u8cea\u554f\u304c\u3054\u3056\u3044\u307e\u3057\u305f\u3089\u3001\u4ee5\u4e0b\u306e\u65b9\u6cd5\u3067\u304a\u554f\u3044\u5408\u308f\u305b\u304f\u3060\u3055\u3044\u3002<br><strong>\u30e1\u30fc\u30eb\u30a2\u30c9\u30ec\u30b9\uff1a<\/strong> hi@purna.vn<br><strong>\u96fb\u8a71\u756a\u53f7\uff1a<\/strong> +81-70-8476-3069<\/p>","protected":false},"excerpt":{"rendered":"<p>1. Purna Studio T\u00ean Doanh Nghi\u1ec7p: C\u00f4ng ty TNHH Purna\u0110\u1ecba Ch\u1ec9 Doanh Nghi\u1ec7p: 36-12 Tokiwadai, Toyama City, Toyama, Nh\u1eadt B\u1ea3nS\u1ed1 \u0110i\u1ec7n Tho\u1ea1i Doanh Nghi\u1ec7p: +81 70-8476-3069Email: hi@purna.vnGi\u1edd Ho\u1ea1t \u0110\u1ed9ng: 07:00 &#8211; 20:00S\u1ea3n Ph\u1ea9m v\u00e0 D\u1ecbch V\u1ee5 Cung C\u1ea5p: Purna Studio cung c\u1ea5p c\u00e1c l\u1edbp h\u1ecdc yoga, h\u1ed9i th\u1ea3o, c\u00e1c bu\u1ed5i h\u1ecdc c\u00e1 nh\u00e2n v\u00e0 c\u00e1c d\u1ecbch v\u1ee5 li\u00ean quan. 2. Chi Ti\u1ebft V\u1ec1 Gi\u00e1 C\u1ea3 v\u00e0 Thanh To\u00e1n T\u1ea5t c\u1ea3 gi\u00e1 \u0111\u1ec1u \u0111\u01b0\u1ee3c li\u1ec7t k\u00ea b\u1eb1ng YEN (JPY) v\u00e0 \u0111\u00e3 bao g\u1ed3m thu\u1ebf (n\u1ebfu c\u00f3). Thanh to\u00e1n \u0111\u01b0\u1ee3c th\u1ef1c hi\u1ec7n ngay t\u1ea1i th\u1eddi \u0111i\u1ec3m mua. C\u00e1c ph\u01b0\u01a1ng th\u1ee9c thanh to\u00e1n ch\u1ea5p nh\u1eadn bao g\u1ed3m: ti\u1ec1n m\u1eb7t, th\u1ebb t\u00edn d\u1ee5ng, th\u1ebb&#8230;<\/p>","protected":false},"author":446663,"featured_media":0,"parent":0,"menu_order":0,"comment_status":"closed","ping_status":"closed","template":"","meta":{"_acf_changed":false,"bwfblock_default_font":"","_kad_blocks_custom_css":"","_kad_blocks_head_custom_js":"","_kad_blocks_body_custom_js":"","_kad_blocks_footer_custom_js":"","_kad_post_transparent":"","_kad_post_title":"","_kad_post_layout":"narrow","_kad_post_sidebar_id":"","_kad_post_content_style":"","_kad_post_vertical_padding":"","_kad_post_feature":"","_kad_post_feature_position":"","_kad_post_header":false,"_kad_post_footer":false,"_kad_post_classname":"","footnotes":""},"class_list":["post-39583","page","type-page","status-publish","hentry"],"acf":[],"taxonomy_info":[],"featured_image_src_large":false,"author_info":{"display_name":"Thuan","author_link":"https:\/\/purna.vn\/ja\/author\/thuanbui\/"},"comment_info":0,"_links":{"self":[{"href":"https:\/\/purna.vn\/ja\/wp-json\/wp\/v2\/pages\/39583","targetHints":{"allow":["GET"]}}],"collection":[{"href":"https:\/\/purna.vn\/ja\/wp-json\/wp\/v2\/pages"}],"about":[{"href":"https:\/\/purna.vn\/ja\/wp-json\/wp\/v2\/types\/page"}],"author":[{"embeddable":true,"href":"https:\/\/purna.vn\/ja\/wp-json\/wp\/v2\/users\/446663"}],"replies":[{"embeddable":true,"href":"https:\/\/purna.vn\/ja\/wp-json\/wp\/v2\/comments?post=39583"}],"version-history":[{"count":3,"href":"https:\/\/purna.vn\/ja\/wp-json\/wp\/v2\/pages\/39583\/revisions"}],"predecessor-version":[{"id":39586,"href":"https:\/\/purna.vn\/ja\/wp-json\/wp\/v2\/pages\/39583\/revisions\/39586"}],"wp:attachment":[{"href":"https:\/\/purna.vn\/ja\/wp-json\/wp\/v2\/media?parent=39583"}],"curies":[{"name":"wp","href":"https:\/\/api.w.org\/{rel}","templated":true}]}}