{"id":39570,"date":"2024-10-28T17:31:48","date_gmt":"2024-10-28T10:31:48","guid":{"rendered":"https:\/\/purna.vn\/?page_id=39570"},"modified":"2024-10-28T17:39:00","modified_gmt":"2024-10-28T10:39:00","slug":"terms-of-service","status":"publish","type":"page","link":"https:\/\/purna.vn\/ja\/terms-of-service\/","title":{"rendered":"\u5229\u7528\u898f\u7d04"},"content":{"rendered":"<p><strong>\u65bd\u884c\u65e5: 2024\/06\/03<\/strong> 2024\/06\/03<\/p>\n\n\n\n<p>Purna Studio\u3078\u3088\u3046\u3053\u305d\u3002\u5f53\u30a6\u30a7\u30d6\u30b5\u30a4\u30c8\u304a\u3088\u3073\u30b5\u30fc\u30d3\u30b9\u3092\u5229\u7528\u3059\u308b\u3053\u3068\u3067\u3001\u4ee5\u4e0b\u306e\u5229\u7528\u898f\u7d04\u306b\u540c\u610f\u3057\u305f\u3082\u306e\u3068\u307f\u306a\u3055\u308c\u307e\u3059\u3002\u5fc5\u305a\u304a\u8aad\u307f\u304f\u3060\u3055\u3044\u3002<\/p>\n\n\n\n<h3 class=\"wp-block-heading\">1. <strong>\u30b5\u30fc\u30d3\u30b9\u5185\u5bb9<\/strong><\/h3>\n\n\n\n<p>Purna Studio\u3067\u306f\u3001\u30e8\u30ac\u30af\u30e9\u30b9\u3001\u30ef\u30fc\u30af\u30b7\u30e7\u30c3\u30d7\u3001\u304a\u3088\u3073\u95a2\u9023\u30b5\u30fc\u30d3\u30b9\u3092\u63d0\u4f9b\u3057\u3066\u3044\u307e\u3059\u3002\u3059\u3079\u3066\u306e\u30b5\u30fc\u30d3\u30b9\u306f\u5229\u7528\u53ef\u80fd\u6027\u306b\u57fa\u3065\u304d\u63d0\u4f9b\u3055\u308c\u3001\u4e88\u544a\u306a\u304f\u30b5\u30fc\u30d3\u30b9\u306e\u5909\u66f4\u3001\u4e2d\u65ad\u3001\u307e\u305f\u306f\u7d42\u4e86\u3059\u308b\u6a29\u5229\u3092\u6709\u3057\u307e\u3059\u3002<\/p>\n\n\n\n<h3 class=\"wp-block-heading\">2. <strong>\u5229\u7528\u8005\u306e\u8cac\u4efb<\/strong><\/h3>\n\n\n\n<p>\u30b5\u30fc\u30d3\u30b9\u3092\u5229\u7528\u3059\u308b\u969b\u306b\u306f\u3001\u4ee5\u4e0b\u306b\u540c\u610f\u3044\u305f\u3060\u304d\u307e\u3059\u3002<\/p>\n\n\n\n<ul class=\"wp-block-list\">\n<li>\u6b63\u78ba\u304b\u3064\u6700\u65b0\u306e\u500b\u4eba\u60c5\u5831\u3092\u63d0\u4f9b\u3059\u308b\u3053\u3068\u3002<\/li>\n\n\n\n<li>\u30b5\u30fc\u30d3\u30b9\u3092\u5408\u6cd5\u7684\u306a\u76ee\u7684\u3067\u306e\u307f\u5229\u7528\u3057\u3001\u30a4\u30f3\u30b9\u30c8\u30e9\u30af\u30bf\u30fc\u3001\u30b9\u30bf\u30c3\u30d5\u3001\u304a\u3088\u3073\u4ed6\u306e\u30e1\u30f3\u30d0\u30fc\u3092\u5c0a\u91cd\u3059\u308b\u3053\u3068\u3002<\/li>\n\n\n\n<li>\u30b9\u30bf\u30b8\u30aa\u5185\u306e\u30eb\u30fc\u30eb\u3001\u30b9\u30bf\u30b8\u30aa\u306e\u30ac\u30a4\u30c9\u30e9\u30a4\u30f3\u3001Purna Studio\u306e\u30b9\u30bf\u30c3\u30d5\u304b\u3089\u306e\u6307\u793a\u306b\u5f93\u3046\u3053\u3068\u3002<\/li>\n<\/ul>\n\n\n\n<h3 class=\"wp-block-heading\">3. <strong>\u4e88\u7d04\u304a\u3088\u3073\u30ad\u30e3\u30f3\u30bb\u30eb<\/strong><\/h3>\n\n\n\n<ul class=\"wp-block-list\">\n<li>\u30af\u30e9\u30b9\u3084\u30a4\u30d9\u30f3\u30c8\u306b\u306f\u4e8b\u524d\u306e\u4e88\u7d04\u3092\u304a\u52e7\u3081\u3057\u307e\u3059\u3002<\/li>\n\n\n\n<li>\u4e88\u7d04\u306e\u30ad\u30e3\u30f3\u30bb\u30eb\u304c\u5fc5\u8981\u306a\u5834\u5408\u306f\u3001\u30ad\u30e3\u30f3\u30bb\u30eb\u6599\u91d1\u3092\u907f\u3051\u308b\u305f\u3081\u306b24\u6642\u9593\u524d\u307e\u3067\u306b\u3054\u9023\u7d61\u304f\u3060\u3055\u3044\u3002<\/li>\n<\/ul>\n\n\n\n<h3 class=\"wp-block-heading\">4. <strong>\u652f\u6255\u3044\u6761\u4ef6<\/strong><\/h3>\n\n\n\n<ul class=\"wp-block-list\">\n<li>\u3059\u3079\u3066\u306e\u652f\u6255\u3044\u306f\u8fd4\u91d1\u4e0d\u53ef\u3068\u3057\u3001\u6cd5\u5f8b\u306b\u3088\u308a\u8981\u6c42\u3055\u308c\u308b\u5834\u5408\u3092\u9664\u304d\u307e\u3059\u3002<\/li>\n\n\n\n<li>Purna Studio\u306f\u3001\u30b5\u30fc\u30d3\u30b9\u306e\u6599\u91d1\u5909\u66f4\u307e\u305f\u306f\u65b0\u3057\u3044\u6599\u91d1\u306e\u5c0e\u5165\u3092\u968f\u6642\u884c\u3046\u3053\u3068\u304c\u3067\u304d\u3001\u901a\u77e5\u306f\u5f53\u30a6\u30a7\u30d6\u30b5\u30a4\u30c8\u306b\u63b2\u8f09\u3055\u308c\u307e\u3059\u3002<\/li>\n<\/ul>\n\n\n\n<h3 class=\"wp-block-heading\">5. <strong>\u514d\u8cac\u4e8b\u9805<\/strong><\/h3>\n\n\n\n<p>\u30af\u30e9\u30b9\u3084\u30a4\u30d9\u30f3\u30c8\u306b\u53c2\u52a0\u3059\u308b\u3053\u3068\u3067\u3001\u767a\u751f\u3059\u308b\u53ef\u80fd\u6027\u306e\u3042\u308b\u30ea\u30b9\u30af\u3092\u8a8d\u8b58\u3057\u3001\u3053\u308c\u3092\u53d7\u3051\u5165\u308c\u308b\u3082\u306e\u3068\u3057\u307e\u3059\u3002Purna Studio\u306f\u3001\u5f53\u30b9\u30bf\u30b8\u30aa\u306e\u904e\u5931\u304c\u8a3c\u660e\u3055\u308c\u306a\u3044\u9650\u308a\u3001\u53c2\u52a0\u4e2d\u306e\u602a\u6211\u3084\u4e8b\u6545\u306b\u3064\u3044\u3066\u8cac\u4efb\u3092\u8ca0\u3044\u307e\u305b\u3093\u3002<\/p>\n\n\n\n<h3 class=\"wp-block-heading\">6. <strong>\u77e5\u7684\u8ca1\u7523\u6a29<\/strong><\/h3>\n\n\n\n<p>\u5f53\u30a6\u30a7\u30d6\u30b5\u30a4\u30c8\u4e0a\u306e\u3059\u3079\u3066\u306e\u30b3\u30f3\u30c6\u30f3\u30c4\uff08\u753b\u50cf\u3001\u30ed\u30b4\u3001\u30c6\u30ad\u30b9\u30c8\u306a\u3069\uff09\u306fPurna Studio\u306e\u6240\u6709\u7269\u3067\u3042\u308a\u3001\u8457\u4f5c\u6a29\u306b\u3088\u308a\u4fdd\u8b77\u3055\u308c\u3066\u3044\u307e\u3059\u3002\u7121\u65ad\u3067\u306e\u5229\u7528\u3084\u8907\u88fd\u306f\u7981\u6b62\u3055\u308c\u3066\u3044\u307e\u3059\u3002<\/p>\n\n\n\n<h3 class=\"wp-block-heading\">7. <strong>\u898f\u7d04\u306e\u5909\u66f4<\/strong><\/h3>\n\n\n\n<p>\u5f53\u30b9\u30bf\u30b8\u30aa\u306f\u3001\u5fc5\u8981\u306b\u5fdc\u3058\u3066\u5229\u7528\u898f\u7d04\u3092\u66f4\u65b0\u3059\u308b\u3053\u3068\u304c\u3042\u308a\u307e\u3059\u3002\u5909\u66f4\u304c\u3042\u308b\u5834\u5408\u306f\u3001\u65bd\u884c\u65e5\u3068\u3068\u3082\u306b\u5f53\u30da\u30fc\u30b8\u306b\u63b2\u8f09\u3055\u308c\u307e\u3059\u3002<\/p>\n\n\n\n<h3 class=\"wp-block-heading\">8. <strong>\u304a\u554f\u3044\u5408\u308f\u305b<\/strong><\/h3>\n\n\n\n<p>\u672c\u898f\u7d04\u306b\u95a2\u3059\u308b\u3054\u8cea\u554f\u306f\u3001\u3053\u306e\u30ea\u30f3\u30af\u3067\u304a\u554f\u3044\u5408\u308f\u305b\u304f\u3060\u3055\u3044\uff1a <a href=\"https:\/\/purna.vn\/ja\/lien-he\/\">https:\/\/purna.vn\/lien-he\/<\/a><\/p>","protected":false},"excerpt":{"rendered":"<p>Ng\u00e0y c\u00f3 hi\u1ec7u l\u1ef1c: 2024\/06\/03 Ch\u00e0o m\u1eebng b\u1ea1n \u0111\u1ebfn v\u1edbi Purna Studio. Khi truy c\u1eadp ho\u1eb7c s\u1eed d\u1ee5ng trang web v\u00e0 d\u1ecbch v\u1ee5 c\u1ee7a ch\u00fang t\u00f4i, b\u1ea1n \u0111\u1ed3ng \u00fd tu\u00e2n th\u1ee7 c\u00e1c \u0110i\u1ec1u kho\u1ea3n d\u1ecbch v\u1ee5 n\u00e0y. Vui l\u00f2ng \u0111\u1ecdc k\u1ef9. 1. D\u1ecbch v\u1ee5 Purna Studio cung c\u1ea5p c\u00e1c l\u1edbp h\u1ecdc yoga, h\u1ed9i th\u1ea3o v\u00e0 d\u1ecbch v\u1ee5 li\u00ean quan. T\u1ea5t c\u1ea3 d\u1ecbch v\u1ee5 \u0111\u1ec1u t\u00f9y thu\u1ed9c v\u00e0o t\u00ecnh tr\u1ea1ng c\u00f3 s\u1eb5n, v\u00e0 ch\u00fang t\u00f4i c\u00f3 quy\u1ec1n s\u1eeda \u0111\u1ed5i, t\u1ea1m ng\u1eebng ho\u1eb7c ng\u1eebng b\u1ea5t k\u1ef3 ph\u1ea7n n\u00e0o c\u1ee7a d\u1ecbch v\u1ee5 m\u00e0 kh\u00f4ng c\u1ea7n b\u00e1o tr\u01b0\u1edbc. 2. Tr\u00e1ch nhi\u1ec7m c\u1ee7a ng\u01b0\u1eddi s\u1eed d\u1ee5ng Khi s\u1eed d\u1ee5ng d\u1ecbch v\u1ee5 c\u1ee7a ch\u00fang t\u00f4i, b\u1ea1n&#8230;<\/p>","protected":false},"author":446663,"featured_media":0,"parent":0,"menu_order":0,"comment_status":"closed","ping_status":"closed","template":"","meta":{"_acf_changed":false,"bwfblock_default_font":"","_kad_blocks_custom_css":"","_kad_blocks_head_custom_js":"","_kad_blocks_body_custom_js":"","_kad_blocks_footer_custom_js":"","_kad_post_transparent":"","_kad_post_title":"","_kad_post_layout":"narrow","_kad_post_sidebar_id":"","_kad_post_content_style":"","_kad_post_vertical_padding":"","_kad_post_feature":"","_kad_post_feature_position":"","_kad_post_header":false,"_kad_post_footer":false,"_kad_post_classname":"","footnotes":""},"class_list":["post-39570","page","type-page","status-publish","hentry"],"acf":[],"taxonomy_info":[],"featured_image_src_large":false,"author_info":{"display_name":"Thuan","author_link":"https:\/\/purna.vn\/ja\/author\/thuanbui\/"},"comment_info":0,"_links":{"self":[{"href":"https:\/\/purna.vn\/ja\/wp-json\/wp\/v2\/pages\/39570","targetHints":{"allow":["GET"]}}],"collection":[{"href":"https:\/\/purna.vn\/ja\/wp-json\/wp\/v2\/pages"}],"about":[{"href":"https:\/\/purna.vn\/ja\/wp-json\/wp\/v2\/types\/page"}],"author":[{"embeddable":true,"href":"https:\/\/purna.vn\/ja\/wp-json\/wp\/v2\/users\/446663"}],"replies":[{"embeddable":true,"href":"https:\/\/purna.vn\/ja\/wp-json\/wp\/v2\/comments?post=39570"}],"version-history":[{"count":5,"href":"https:\/\/purna.vn\/ja\/wp-json\/wp\/v2\/pages\/39570\/revisions"}],"predecessor-version":[{"id":39575,"href":"https:\/\/purna.vn\/ja\/wp-json\/wp\/v2\/pages\/39570\/revisions\/39575"}],"wp:attachment":[{"href":"https:\/\/purna.vn\/ja\/wp-json\/wp\/v2\/media?parent=39570"}],"curies":[{"name":"wp","href":"https:\/\/api.w.org\/{rel}","templated":true}]}}