{"id":39564,"date":"2024-10-28T16:54:56","date_gmt":"2024-10-28T09:54:56","guid":{"rendered":"https:\/\/purna.vn\/?page_id=39564"},"modified":"2024-10-28T17:23:23","modified_gmt":"2024-10-28T10:23:23","slug":"privacy-policy","status":"publish","type":"page","link":"https:\/\/purna.vn\/ja\/privacy-policy\/","title":{"rendered":"\u30d7\u30e9\u30a4\u30d0\u30b7\u30fc\u30dd\u30ea\u30b7\u30fc"},"content":{"rendered":"<p><em>\u65bd\u884c\u65e5: 2024\/06\/03<\/em><\/p>\n\n\n\n<p>Purna Studio\u3067\u306f\u3001\u304a\u5ba2\u69d8\u306e\u30d7\u30e9\u30a4\u30d0\u30b7\u30fc\u3092\u5927\u5207\u306b\u3057\u3066\u3044\u307e\u3059\u3002\u672c\u30d7\u30e9\u30a4\u30d0\u30b7\u30fc\u30dd\u30ea\u30b7\u30fc\u3067\u306f\u3001\u304a\u5ba2\u69d8\u304c\u5f53\u30a6\u30a7\u30d6\u30b5\u30a4\u30c8\u3092\u8a2a\u554f\u3057\u305f\u308a\u3001\u30b5\u30fc\u30d3\u30b9\u3092\u5229\u7528\u3059\u308b\u969b\u306b\u53ce\u96c6\u3059\u308b\u500b\u4eba\u60c5\u5831\u306e\u53d6\u6271\u3044\u306b\u3064\u3044\u3066\u8aac\u660e\u3057\u307e\u3059\u3002<\/p>\n\n\n\n<h3 class=\"wp-block-heading\">1. \u53ce\u96c6\u3059\u308b\u60c5\u5831<\/h3>\n\n\n\n<p>\u5f53\u30b9\u30bf\u30b8\u30aa\u3067\u306f\u3001\u4ee5\u4e0b\u306e\u7a2e\u985e\u306e\u60c5\u5831\u3092\u53ce\u96c6\u30fb\u51e6\u7406\u3059\u308b\u3053\u3068\u304c\u3042\u308a\u307e\u3059\u3002<\/p>\n\n\n\n<ul class=\"wp-block-list\">\n<li><strong>\u500b\u4eba\u60c5\u5831<\/strong>: \u30af\u30e9\u30b9\u3001\u30a4\u30d9\u30f3\u30c8\u3001\u307e\u305f\u306f\u30cb\u30e5\u30fc\u30b9\u30ec\u30bf\u30fc\u306e\u767b\u9332\u6642\u306b\u63d0\u4f9b\u3055\u308c\u305f\u6c0f\u540d\u3001\u9023\u7d61\u5148\uff08\u30e1\u30fc\u30eb\u30a2\u30c9\u30ec\u30b9\u3084\u96fb\u8a71\u756a\u53f7\uff09\u3001\u305d\u306e\u4ed6\u306e\u500b\u4eba\u60c5\u5831\u3002<\/li>\n\n\n\n<li><strong>\u5229\u7528\u30c7\u30fc\u30bf<\/strong>: IP\u30a2\u30c9\u30ec\u30b9\u3001\u30d6\u30e9\u30a6\u30b6\u306e\u7a2e\u985e\u3001\u30a2\u30af\u30bb\u30b9\u65e5\u6642\u3001\u95b2\u89a7\u30da\u30fc\u30b8\u306a\u3069\u3001\u5f53\u30a6\u30a7\u30d6\u30b5\u30a4\u30c8\u306e\u5229\u7528\u72b6\u6cc1\u306b\u95a2\u3059\u308b\u60c5\u5831\u3002<\/li>\n\n\n\n<li><strong>\u652f\u6255\u3044\u60c5\u5831<\/strong>: \u30af\u30e9\u30b9\u3084\u30a4\u30d9\u30f3\u30c8\u306b\u3054\u767b\u9332\u3044\u305f\u3060\u304f\u969b\u3001\u53d6\u5f15\u3092\u5b89\u5168\u306b\u51e6\u7406\u3059\u308b\u305f\u3081\u306b\u652f\u6255\u3044\u30d7\u30ed\u30bb\u30c3\u30b5\u30fc\u306b\u3088\u308a\u652f\u6255\u3044\u60c5\u5831\u304c\u53ce\u96c6\u3055\u308c\u308b\u5834\u5408\u304c\u3042\u308a\u307e\u3059\u3002<\/li>\n<\/ul>\n\n\n\n<h3 class=\"wp-block-heading\">2. \u60c5\u5831\u306e\u4f7f\u7528\u65b9\u6cd5<\/h3>\n\n\n\n<p>\u304a\u5ba2\u69d8\u306e\u60c5\u5831\u306f\u3001\u4ee5\u4e0b\u306e\u3088\u3046\u306b\u30b5\u30fc\u30d3\u30b9\u306e\u63d0\u4f9b\u3068\u5411\u4e0a\u306e\u305f\u3081\u306b\u4f7f\u7528\u3055\u308c\u307e\u3059\u3002<\/p>\n\n\n\n<ul class=\"wp-block-list\">\n<li>\u30af\u30e9\u30b9\u306e\u767b\u9332\u3001\u4f1a\u54e1\u7ba1\u7406\u3001\u304a\u3088\u3073\u51fa\u5e2d\u78ba\u8a8d\u3092\u5186\u6ed1\u306b\u3059\u308b\u305f\u3081\u3002<\/li>\n\n\n\n<li>Purna Studio\u304b\u3089\u306e\u304a\u77e5\u3089\u305b\u3001\u30af\u30e9\u30b9\u30b9\u30b1\u30b8\u30e5\u30fc\u30eb\u3001\u91cd\u8981\u306a\u60c5\u5831\u3092\u304a\u5c4a\u3051\u3059\u308b\u305f\u3081\u3002<\/li>\n\n\n\n<li>\u30a6\u30a7\u30d6\u30b5\u30a4\u30c8\u3084\u30b5\u30fc\u30d3\u30b9\u306e\u6539\u5584\u306e\u305f\u3081\u306e\u5229\u7528\u30d1\u30bf\u30fc\u30f3\u306e\u5206\u6790\u306b\u4f7f\u7528\u3057\u307e\u3059\u3002<\/li>\n<\/ul>\n\n\n\n<h3 class=\"wp-block-heading\">3. \u60c5\u5831\u306e\u5171\u6709\u65b9\u6cd5<\/h3>\n\n\n\n<p>\u304a\u5ba2\u69d8\u306e\u30d7\u30e9\u30a4\u30d0\u30b7\u30fc\u3092\u5c0a\u91cd\u3057\u3001\u500b\u4eba\u60c5\u5831\u3092\u8ca9\u58f2\u3059\u308b\u3053\u3068\u306f\u3042\u308a\u307e\u305b\u3093\u3002\u30b5\u30fc\u30d3\u30b9\u306e\u63d0\u4f9b\u3084\u6cd5\u7684\u8981\u4ef6\u306e\u9075\u5b88\u3092\u652f\u63f4\u3059\u308b\u305f\u3081\u3001\u4fe1\u983c\u3067\u304d\u308b\u7b2c\u4e09\u8005\uff08\u652f\u6255\u3044\u30d7\u30ed\u30bb\u30c3\u30b5\u30fc\u3084\u30b5\u30fc\u30d3\u30b9\u63d0\u4f9b\u8005\uff09\u3068\u60c5\u5831\u3092\u5171\u6709\u3059\u308b\u5834\u5408\u304c\u3042\u308a\u307e\u3059\u3002<\/p>\n\n\n\n<h3 class=\"wp-block-heading\">4. \u30af\u30c3\u30ad\u30fc<\/h3>\n\n\n\n<p>\u5f53\u30a6\u30a7\u30d6\u30b5\u30a4\u30c8\u3067\u306f\u3001\u30af\u30c3\u30ad\u30fc\u3092\u4f7f\u7528\u3057\u3066\u304a\u5ba2\u69d8\u306e\u4f53\u9a13\u3092\u5411\u4e0a\u3055\u305b\u308b\u3053\u3068\u304c\u3042\u308a\u307e\u3059\u3002\u30af\u30c3\u30ad\u30fc\u306f\u3001\u304a\u5ba2\u69d8\u306e\u30c7\u30d0\u30a4\u30b9\u306b\u4fdd\u5b58\u3055\u308c\u3001\u30b5\u30a4\u30c8\u306e\u5229\u7528\u72b6\u6cc1\u306e\u628a\u63e1\u306b\u5f79\u7acb\u3064\u5c0f\u3055\u306a\u30d5\u30a1\u30a4\u30eb\u3067\u3059\u3002\u30d6\u30e9\u30a6\u30b6\u8a2d\u5b9a\u3067\u30af\u30c3\u30ad\u30fc\u3092\u7121\u52b9\u306b\u3067\u304d\u307e\u3059\u304c\u3001\u30b5\u30a4\u30c8\u306e\u6a5f\u80fd\u304c\u5236\u9650\u3055\u308c\u308b\u5834\u5408\u304c\u3042\u308a\u307e\u3059\u3002<\/p>\n\n\n\n<h3 class=\"wp-block-heading\">5. \u30c7\u30fc\u30bf\u306e\u30bb\u30ad\u30e5\u30ea\u30c6\u30a3<\/h3>\n\n\n\n<p>\u4e0d\u6b63\u30a2\u30af\u30bb\u30b9\u3001\u6539\u3056\u3093\u3001\u7834\u58ca\u304b\u3089\u304a\u5ba2\u69d8\u306e\u60c5\u5831\u3092\u4fdd\u8b77\u3059\u308b\u305f\u3081\u306e\u9069\u5207\u306a\u30bb\u30ad\u30e5\u30ea\u30c6\u30a3\u5bfe\u7b56\u3092\u8b1b\u3058\u3066\u3044\u307e\u3059\u3002\u305f\u3060\u3057\u3001\u30a4\u30f3\u30bf\u30fc\u30cd\u30c3\u30c8\u4e0a\u306e\u30c7\u30fc\u30bf\u9001\u4fe1\u304c\u5b8c\u5168\u306b\u5b89\u5168\u3067\u3042\u308b\u3053\u3068\u306f\u4fdd\u8a3c\u3067\u304d\u307e\u305b\u3093\u306e\u3067\u3054\u6ce8\u610f\u304f\u3060\u3055\u3044\u3002<\/p>\n\n\n\n<h3 class=\"wp-block-heading\">6. \u304a\u5ba2\u69d8\u306e\u6a29\u5229<\/h3>\n\n\n\n<p>\u304a\u5ba2\u69d8\u306f\u3054\u81ea\u8eab\u306e\u500b\u4eba\u60c5\u5831\u3078\u306e\u30a2\u30af\u30bb\u30b9\u3001\u66f4\u65b0\u3001\u524a\u9664\u3092\u8981\u6c42\u3059\u308b\u6a29\u5229\u3092\u6709\u3057\u307e\u3059\u3002\u30ea\u30af\u30a8\u30b9\u30c8\u306f[\u3053\u306e\u30ea\u30f3\u30af\u3067\u3054\u9023\u7d61\u304f\u3060\u3055\u3044\uff1a <a href=\"https:\/\/purna.vn\/ja\/lien-he\/\">https:\/\/purna.vn\/lien-he\/<\/a><\/p>\n\n\n\n<h3 class=\"wp-block-heading\">7. \u672c\u30dd\u30ea\u30b7\u30fc\u306e\u5909\u66f4<\/h3>\n\n\n\n<p>Purna Studio\u306f\u3001\u5fc5\u8981\u306b\u5fdc\u3058\u3066\u30d7\u30e9\u30a4\u30d0\u30b7\u30fc\u30dd\u30ea\u30b7\u30fc\u3092\u66f4\u65b0\u3059\u308b\u5834\u5408\u304c\u3042\u308a\u307e\u3059\u3002\u5909\u66f4\u304c\u3042\u3063\u305f\u5834\u5408\u306f\u3001\u65bd\u884c\u65e5\u3092\u66f4\u65b0\u306e\u4e0a\u3001\u3053\u306e\u30da\u30fc\u30b8\u306b\u3066\u304a\u77e5\u3089\u305b\u3057\u307e\u3059\u3002<\/p>\n\n\n\n<h3 class=\"wp-block-heading\">8. \u304a\u554f\u3044\u5408\u308f\u305b<\/h3>\n\n\n\n<p>\u672c\u30dd\u30ea\u30b7\u30fc\u306b\u3064\u3044\u3066\u306e\u3054\u8cea\u554f\u306f\u3001\u3053\u306e\u30ea\u30f3\u30af\u3067\u304a\u554f\u3044\u5408\u308f\u305b\u304f\u3060\u3055\u3044\uff1a <a href=\"https:\/\/purna.vn\/ja\/lien-he\/\">https:\/\/purna.vn\/lien-he\/<\/a><\/p>","protected":false},"excerpt":{"rendered":"<p>Ng\u00e0y c\u00f3 hi\u1ec7u l\u1ef1c: 2024\/06\/03 T\u1ea1i Purna Studio, ch\u00fang t\u00f4i coi tr\u1ecdng quy\u1ec1n ri\u00eang t\u01b0 c\u1ee7a b\u1ea1n. Ch\u00ednh s\u00e1ch b\u1ea3o m\u1eadt n\u00e0y gi\u1ea3i th\u00edch c\u00e1ch ch\u00fang t\u00f4i thu th\u1eadp, s\u1eed d\u1ee5ng v\u00e0 b\u1ea3o v\u1ec7 th\u00f4ng tin c\u00e1 nh\u00e2n c\u1ee7a b\u1ea1n khi b\u1ea1n truy c\u1eadp trang web c\u1ee7a ch\u00fang t\u00f4i ho\u1eb7c s\u1eed d\u1ee5ng d\u1ecbch v\u1ee5 c\u1ee7a ch\u00fang t\u00f4i. 1. Th\u00f4ng Tin Ch\u00fang T\u00f4i Thu Th\u1eadp Ch\u00fang t\u00f4i c\u00f3 th\u1ec3 thu th\u1eadp v\u00e0 x\u1eed l\u00fd c\u00e1c lo\u1ea1i th\u00f4ng tin sau: 2. C\u00e1ch Ch\u00fang T\u00f4i S\u1eed D\u1ee5ng Th\u00f4ng Tin C\u1ee7a B\u1ea1n Th\u00f4ng tin c\u1ee7a b\u1ea1n \u0111\u01b0\u1ee3c s\u1eed d\u1ee5ng \u0111\u1ec3 cung c\u1ea5p v\u00e0 c\u1ea3i thi\u1ec7n d\u1ecbch v\u1ee5 c\u1ee7a ch\u00fang t\u00f4i, bao g\u1ed3m: 3. C\u00e1ch&#8230;<\/p>","protected":false},"author":446663,"featured_media":0,"parent":0,"menu_order":0,"comment_status":"closed","ping_status":"closed","template":"","meta":{"_acf_changed":false,"bwfblock_default_font":"","_kad_blocks_custom_css":"","_kad_blocks_head_custom_js":"","_kad_blocks_body_custom_js":"","_kad_blocks_footer_custom_js":"","_kad_post_transparent":"","_kad_post_title":"","_kad_post_layout":"narrow","_kad_post_sidebar_id":"","_kad_post_content_style":"","_kad_post_vertical_padding":"","_kad_post_feature":"","_kad_post_feature_position":"","_kad_post_header":false,"_kad_post_footer":false,"_kad_post_classname":"","footnotes":""},"class_list":["post-39564","page","type-page","status-publish","hentry"],"acf":[],"taxonomy_info":[],"featured_image_src_large":false,"author_info":{"display_name":"Thuan","author_link":"https:\/\/purna.vn\/ja\/author\/thuanbui\/"},"comment_info":0,"_links":{"self":[{"href":"https:\/\/purna.vn\/ja\/wp-json\/wp\/v2\/pages\/39564","targetHints":{"allow":["GET"]}}],"collection":[{"href":"https:\/\/purna.vn\/ja\/wp-json\/wp\/v2\/pages"}],"about":[{"href":"https:\/\/purna.vn\/ja\/wp-json\/wp\/v2\/types\/page"}],"author":[{"embeddable":true,"href":"https:\/\/purna.vn\/ja\/wp-json\/wp\/v2\/users\/446663"}],"replies":[{"embeddable":true,"href":"https:\/\/purna.vn\/ja\/wp-json\/wp\/v2\/comments?post=39564"}],"version-history":[{"count":3,"href":"https:\/\/purna.vn\/ja\/wp-json\/wp\/v2\/pages\/39564\/revisions"}],"predecessor-version":[{"id":39567,"href":"https:\/\/purna.vn\/ja\/wp-json\/wp\/v2\/pages\/39564\/revisions\/39567"}],"wp:attachment":[{"href":"https:\/\/purna.vn\/ja\/wp-json\/wp\/v2\/media?parent=39564"}],"curies":[{"name":"wp","href":"https:\/\/api.w.org\/{rel}","templated":true}]}}