{"id":24101,"date":"2024-01-02T15:00:34","date_gmt":"2024-01-02T08:00:34","guid":{"rendered":"https:\/\/purna.vn\/?page_id=24101"},"modified":"2024-01-02T15:00:36","modified_gmt":"2024-01-02T08:00:36","slug":"huong-dan-momence-phan-2","status":"publish","type":"page","link":"https:\/\/purna.vn\/ja\/huong-dan-momence-phan-2\/","title":{"rendered":"[H\u01b0\u1edbng d\u1eabn Momence] Ph\u1ea7n 2 &#8211; C\u00e0i \u0111\u1eb7t app v\u00e0 qu\u1ea3n l\u00fd l\u1ecbch t\u1eadp yoga"},"content":{"rendered":"<p>Sau khi <a href=\"https:\/\/purna.vn\/ja\/huong-dan-momence-phan-1\/\" data-type=\"link\" data-id=\"https:\/\/purna.vn\/huong-dan-momence-phan-1\/\">thi\u1ebft l\u1eadp t\u00e0i kho\u1ea3n Momence th\u00e0nh c\u00f4ng<\/a>, b\u1ea1n c\u00f3 th\u1ec3 t\u1ea3i app Momence v\u1ec1 \u0111i\u1ec7n tho\u1ea1i \u0111\u1ec3 ti\u1ec7n vi\u1ec7c qu\u1ea3n l\u00fd l\u1ecbch t\u1eadp yoga c\u1ee7a m\u00ecnh. B\u1ea1n c\u00f3 th\u1ec3 s\u1eed d\u1ee5ng \u1ee9ng d\u1ee5ng \u0111\u1ec3 xem l\u1ecbch t\u1eadp, \u0111\u1eb7t v\u00e0 h\u1ee7y l\u1ecbch t\u1eadp cho ph\u00f9 h\u1ee3p v\u1edbi l\u1ecbch tr\u00ecnh c\u1ee7a b\u1ea3n th\u00e2n. B\u1ea1n c\u0169ng c\u00f3 th\u1ec3 trao \u0111\u1ed5i t\u1ef1c ti\u1ebfp v\u1edbi Purna th\u00f4ng qua \u1ee9ng d\u1ee5ng Momence.<\/p>\n\n\n\n<h2 class=\"wp-block-heading\">1. C\u00e0i \u0111\u1eb7t app Momence l\u00ean \u0111i\u1ec7n tho\u1ea1i<\/h2>\n\n\n\n<p>B\u1ea1n c\u00f3 th\u1ec3 t\u1ea3i app Momence v\u1ec1 \u0111i\u1ec7n tho\u1ea1i theo 1 trong 2 link d\u01b0\u1edbi \u0111\u00e2y.<\/p>\n\n\n<style>.wp-block-kadence-advancedbtn.kb-btns24101_817c36-65{gap:var(--global-kb-gap-xs, 0.5rem );justify-content:center;align-items:center;}.kt-btns24101_817c36-65 .kt-button{font-weight:normal;font-style:normal;}.kt-btns24101_817c36-65 .kt-btn-wrap-0{margin-right:5px;}.wp-block-kadence-advancedbtn.kt-btns24101_817c36-65 .kt-btn-wrap-0 .kt-button{color:#555555;border-color:#555555;}.wp-block-kadence-advancedbtn.kt-btns24101_817c36-65 .kt-btn-wrap-0 .kt-button:hover, .wp-block-kadence-advancedbtn.kt-btns24101_817c36-65 .kt-btn-wrap-0 .kt-button:focus{color:#ffffff;border-color:#444444;}.wp-block-kadence-advancedbtn.kt-btns24101_817c36-65 .kt-btn-wrap-0 .kt-button::before{display:none;}.wp-block-kadence-advancedbtn.kt-btns24101_817c36-65 .kt-btn-wrap-0 .kt-button:hover, .wp-block-kadence-advancedbtn.kt-btns24101_817c36-65 .kt-btn-wrap-0 .kt-button:focus{background:#444444;}<\/style>\n<div class=\"wp-block-kadence-advancedbtn kb-buttons-wrap kb-btns24101_817c36-65\"><style>ul.menu .wp-block-kadence-advancedbtn .kb-btn24101_f6ba85-60.kb-button{width:initial;}<\/style><a class=\"kb-button kt-button button kb-btn24101_f6ba85-60 kt-btn-size-standard kt-btn-width-type-auto kb-btn-global-inherit kt-btn-has-text-true kt-btn-has-svg-false  wp-block-button__link wp-block-kadence-singlebtn\" href=\"https:\/\/apps.apple.com\/us\/app\/momence\/id1577856009\" target=\"_blank\" rel=\"noopener\"><span class=\"kt-btn-inner-text\">App Store (iOS)<\/span><\/a>\n\n<style>ul.menu .wp-block-kadence-advancedbtn .kb-btn24101_411f17-9d.kb-button{width:initial;}<\/style><a class=\"kb-button kt-button button kb-btn24101_411f17-9d kt-btn-size-standard kt-btn-width-type-auto kb-btn-global-inherit kt-btn-has-text-true kt-btn-has-svg-false  wp-block-button__link wp-block-kadence-singlebtn\" href=\"https:\/\/play.google.com\/store\/apps\/details?id=com.ribbon.mobileApp&#038;hl=en_GB&#038;pli=1\" target=\"_blank\" rel=\"noopener\"><span class=\"kt-btn-inner-text\">Play Store (Android)<\/span><\/a><\/div>\n\n\n\n<p>Sau khi c\u00e0i \u0111\u1eb7t th\u00e0nh c\u00f4ng, b\u1ea1n \u0111\u0103ng nh\u1eadp v\u00e0o \u1ee9ng d\u1ee5ng theo \u0111\u1ecba ch\u1ec9 email v\u00e0 m\u1eadt kh\u1ea9u \u0111\u00e3 thi\u1ebft l\u1eadp theo b\u00e0i <a href=\"https:\/\/purna.vn\/ja\/huong-dan-momence-phan-1\/\" data-type=\"link\" data-id=\"https:\/\/purna.vn\/huong-dan-momence-phan-1\/\">h\u01b0\u1edbng d\u1eabn [Ph\u1ea7n 1]<\/a>.<\/p>\n\n\n<div class=\"wp-block-image\">\n<figure class=\"aligncenter size-full\"><img loading=\"lazy\" decoding=\"async\" width=\"600\" height=\"1298\" src=\"https:\/\/purna.vn\/wp-content\/uploads\/2024\/01\/purna-yoga-momence-app-1.jpg\" alt=\"\" class=\"wp-image-26732\" title=\"\" srcset=\"https:\/\/purna.vn\/wp-content\/uploads\/2024\/01\/purna-yoga-momence-app-1.jpg 600w, https:\/\/purna.vn\/wp-content\/uploads\/2024\/01\/purna-yoga-momence-app-1-231x500.jpg 231w, https:\/\/purna.vn\/wp-content\/uploads\/2024\/01\/purna-yoga-momence-app-1-416x900.jpg 416w, https:\/\/purna.vn\/wp-content\/uploads\/2024\/01\/purna-yoga-momence-app-1-6x12.jpg 6w\" sizes=\"auto, (max-width: 600px) 100vw, 600px\" \/><figcaption class=\"wp-element-caption\">B\u1ea5m v\u00e0o n\u00fat Sign In \u0111\u1ec3 \u0111\u0103ng nh\u1eadp<\/figcaption><\/figure>\n<\/div>\n\n<div class=\"wp-block-image\">\n<figure class=\"aligncenter size-full\"><img loading=\"lazy\" decoding=\"async\" width=\"600\" height=\"1298\" src=\"https:\/\/purna.vn\/wp-content\/uploads\/2024\/01\/purna-yoga-momence-app-2.jpg\" alt=\"\" class=\"wp-image-26729\" title=\"\" srcset=\"https:\/\/purna.vn\/wp-content\/uploads\/2024\/01\/purna-yoga-momence-app-2.jpg 600w, https:\/\/purna.vn\/wp-content\/uploads\/2024\/01\/purna-yoga-momence-app-2-231x500.jpg 231w, https:\/\/purna.vn\/wp-content\/uploads\/2024\/01\/purna-yoga-momence-app-2-416x900.jpg 416w, https:\/\/purna.vn\/wp-content\/uploads\/2024\/01\/purna-yoga-momence-app-2-6x12.jpg 6w\" sizes=\"auto, (max-width: 600px) 100vw, 600px\" \/><figcaption class=\"wp-element-caption\">\u0110\u0103ng nh\u1eadp b\u1eb1ng email v\u00e0  m\u1eadt kh\u1ea9u c\u1ee7a b\u1ea1n<\/figcaption><\/figure>\n<\/div>\n\n<div class=\"wp-block-image\">\n<figure class=\"aligncenter size-full\"><img loading=\"lazy\" decoding=\"async\" width=\"600\" height=\"1298\" src=\"https:\/\/purna.vn\/wp-content\/uploads\/2024\/01\/purna-yoga-momence-app-3.jpg\" alt=\"\" class=\"wp-image-26730\" title=\"\" srcset=\"https:\/\/purna.vn\/wp-content\/uploads\/2024\/01\/purna-yoga-momence-app-3.jpg 600w, https:\/\/purna.vn\/wp-content\/uploads\/2024\/01\/purna-yoga-momence-app-3-231x500.jpg 231w, https:\/\/purna.vn\/wp-content\/uploads\/2024\/01\/purna-yoga-momence-app-3-416x900.jpg 416w, https:\/\/purna.vn\/wp-content\/uploads\/2024\/01\/purna-yoga-momence-app-3-6x12.jpg 6w\" sizes=\"auto, (max-width: 600px) 100vw, 600px\" \/><figcaption class=\"wp-element-caption\">Ch\u1ecdn Enable Notifications \u0111\u1ec3 k\u00edch ho\u1ea1t th\u00f4ng b\u00e1o<\/figcaption><\/figure>\n<\/div>\n\n\n<h2 class=\"wp-block-heading\">2. \u0110\u1eb7t l\u1ecbch t\u1eadp Yoga<\/h2>\n\n\n\n<p>Sau khi \u0111\u0103ng nh\u1eadp th\u00e0nh c\u00f4ng, b\u1ea1n s\u1ebd nh\u00ecn th\u1ea5y giao di\u1ec7n ch\u00ednh c\u1ee7a \u1ee9ng d\u1ee5ng Momence nh\u01b0 d\u01b0\u1edbi \u0111\u00e2y. <\/p>\n\n\n\n<ul class=\"wp-block-list\">\n<li>Upcoming for you: c\u00e1c bu\u1ed5i t\u1eadp yoga b\u1ea1n \u0111\u00e3 \u0111\u1eb7t ch\u1ed7.<\/li>\n\n\n\n<li>Pass bookings: c\u00e1c bu\u1ed5i t\u1eadp yoga b\u1ea1n \u0111\u00e3 t\u1eadp trong qu\u00e1 kh\u1ee9<\/li>\n<\/ul>\n\n\n\n<p>\u0110\u1ec3 xem l\u1ecbch t\u1eadp yoga v\u00e0 \u0111\u1eb7t ch\u1ed7, b\u1ea1n b\u1ea5m v\u00e0o logo Purna \u1edf tr\u00ean c\u00f9ng<\/p>\n\n\n<div class=\"wp-block-image\">\n<figure class=\"aligncenter size-full\"><img loading=\"lazy\" decoding=\"async\" width=\"600\" height=\"1298\" src=\"https:\/\/purna.vn\/wp-content\/uploads\/2024\/01\/purna-yoga-momence-app-4.jpg\" alt=\"\" class=\"wp-image-26731\" title=\"\" srcset=\"https:\/\/purna.vn\/wp-content\/uploads\/2024\/01\/purna-yoga-momence-app-4.jpg 600w, https:\/\/purna.vn\/wp-content\/uploads\/2024\/01\/purna-yoga-momence-app-4-231x500.jpg 231w, https:\/\/purna.vn\/wp-content\/uploads\/2024\/01\/purna-yoga-momence-app-4-416x900.jpg 416w, https:\/\/purna.vn\/wp-content\/uploads\/2024\/01\/purna-yoga-momence-app-4-6x12.jpg 6w\" sizes=\"auto, (max-width: 600px) 100vw, 600px\" \/><\/figure>\n<\/div>\n\n\n<p>B\u1ea5m ti\u1ebfp v\u00e0o n\u00fat See the schedule \u0111\u1ec3 xem l\u1ecbch t\u1eadp. Ho\u1eb7c b\u1ea1n c\u0169ng c\u00f3 th\u1ec3 <a href=\"https:\/\/purna.vn\/ja\/classes\/#schedule\" data-type=\"link\" data-id=\"https:\/\/purna.vn\/classes\/#schedule\">xem l\u1ecbch t\u1eadp tr\u1ef1c ti\u1ebfp tr\u00ean blog Purna \u1edf \u0111\u00e2y<\/a>.<\/p>\n\n\n<div class=\"wp-block-image\">\n<figure class=\"aligncenter size-full\"><img loading=\"lazy\" decoding=\"async\" width=\"600\" height=\"1298\" src=\"https:\/\/purna.vn\/wp-content\/uploads\/2024\/01\/purna-yoga-momence-app-5.jpg\" alt=\"\" class=\"wp-image-26735\" title=\"\" srcset=\"https:\/\/purna.vn\/wp-content\/uploads\/2024\/01\/purna-yoga-momence-app-5.jpg 600w, https:\/\/purna.vn\/wp-content\/uploads\/2024\/01\/purna-yoga-momence-app-5-231x500.jpg 231w, https:\/\/purna.vn\/wp-content\/uploads\/2024\/01\/purna-yoga-momence-app-5-416x900.jpg 416w, https:\/\/purna.vn\/wp-content\/uploads\/2024\/01\/purna-yoga-momence-app-5-6x12.jpg 6w\" sizes=\"auto, (max-width: 600px) 100vw, 600px\" \/><\/figure>\n<\/div>\n\n\n<p>B\u1ea1n c\u00f3 th\u1ec3 b\u1ea5m v\u00e0o t\u1eebng ng\u00e0y \u0111\u1ec3 xem l\u1ecbch t\u1eadp, sau \u0111\u00f3 b\u1ea5m n\u00fat Book now \u0111\u1ec3 ch\u1ecdn bu\u1ed5i t\u1eadp b\u1ea1n mu\u1ed1n tham gia.<\/p>\n\n\n<div class=\"wp-block-image\">\n<figure class=\"aligncenter size-full\"><img loading=\"lazy\" decoding=\"async\" width=\"600\" height=\"1298\" src=\"https:\/\/purna.vn\/wp-content\/uploads\/2024\/01\/purna-yoga-momence-app-6.jpg\" alt=\"\" class=\"wp-image-26733\" title=\"\" srcset=\"https:\/\/purna.vn\/wp-content\/uploads\/2024\/01\/purna-yoga-momence-app-6.jpg 600w, https:\/\/purna.vn\/wp-content\/uploads\/2024\/01\/purna-yoga-momence-app-6-231x500.jpg 231w, https:\/\/purna.vn\/wp-content\/uploads\/2024\/01\/purna-yoga-momence-app-6-416x900.jpg 416w, https:\/\/purna.vn\/wp-content\/uploads\/2024\/01\/purna-yoga-momence-app-6-6x12.jpg 6w\" sizes=\"auto, (max-width: 600px) 100vw, 600px\" \/><\/figure>\n<\/div>\n\n\n<p>Ch\u1ecdn In Person (h\u1ecdc tr\u1ef1c ti\u1ebfp) ho\u1eb7c  Online (ho\u1eb7c qua Zoom). Sau \u0111\u00f3 b\u1ea5m <strong>Book Now<\/strong> \u0111\u1ec3 x\u00e1c nh\u1eadn.<\/p>\n\n\n<div class=\"wp-block-image\">\n<figure class=\"aligncenter size-full\"><img loading=\"lazy\" decoding=\"async\" width=\"600\" height=\"1298\" src=\"https:\/\/purna.vn\/wp-content\/uploads\/2024\/01\/purna-yoga-momence-app-7.jpg\" alt=\"\" class=\"wp-image-26737\" title=\"\" srcset=\"https:\/\/purna.vn\/wp-content\/uploads\/2024\/01\/purna-yoga-momence-app-7.jpg 600w, https:\/\/purna.vn\/wp-content\/uploads\/2024\/01\/purna-yoga-momence-app-7-231x500.jpg 231w, https:\/\/purna.vn\/wp-content\/uploads\/2024\/01\/purna-yoga-momence-app-7-416x900.jpg 416w, https:\/\/purna.vn\/wp-content\/uploads\/2024\/01\/purna-yoga-momence-app-7-6x12.jpg 6w\" sizes=\"auto, (max-width: 600px) 100vw, 600px\" \/><\/figure>\n<\/div>\n\n\n<p>Sau khi \u0111\u1eb7t l\u1ecbch th\u00e0nh c\u00f4ng, b\u1ea1n s\u1ebd th\u1ea5y hi\u1ec7n ra th\u00f4ng b\u00e1o Confirmation. You are all set! B\u1ea1n c\u00f3 th\u1ec3 b\u1ea5m v\u00e0o n\u00fat <strong>Book more<\/strong> \u0111\u1ec3 \u0111\u1eb7t th\u00eam l\u1ecbch t\u1eadp cho c\u00e1c ng\u00e0y kh\u00e1c trong tu\u1ea7n.<\/p>\n\n\n<div class=\"wp-block-image\">\n<figure class=\"aligncenter size-full\"><img loading=\"lazy\" decoding=\"async\" width=\"600\" height=\"1298\" src=\"https:\/\/purna.vn\/wp-content\/uploads\/2024\/01\/purna-yoga-momence-app-8.jpg\" alt=\"\" class=\"wp-image-26738\" title=\"\" srcset=\"https:\/\/purna.vn\/wp-content\/uploads\/2024\/01\/purna-yoga-momence-app-8.jpg 600w, https:\/\/purna.vn\/wp-content\/uploads\/2024\/01\/purna-yoga-momence-app-8-231x500.jpg 231w, https:\/\/purna.vn\/wp-content\/uploads\/2024\/01\/purna-yoga-momence-app-8-416x900.jpg 416w, https:\/\/purna.vn\/wp-content\/uploads\/2024\/01\/purna-yoga-momence-app-8-6x12.jpg 6w\" sizes=\"auto, (max-width: 600px) 100vw, 600px\" \/><\/figure>\n<\/div>\n\n\n<h2 class=\"wp-block-heading\">3. H\u1ee7y \u0111\u1eb7t ch\u1ed7<\/h2>\n\n\n\n<p>N\u1ebfu b\u1eadn c\u00f4ng vi\u1ec7c \u0111\u1ed9t xu\u1ea5t, b\u1ea1n c\u00f3 th\u1ec3 s\u1eed h\u1ee7y \u0111\u1eb7t ch\u1ed7 tr\u1ef1c ti\u1ebfp tr\u00ean app Momence m\u00e0 kh\u00f4ng c\u1ea7n ph\u1ea3i th\u00f4ng b\u00e1o qua \u0111i\u1ec7n tho\u1ea1i \/ tin nh\u1eafn cho Purna. <\/p>\n\n\n\n<p>T\u1eeb m\u00e0n h\u00ecnh ch\u00ednh c\u1ee7a \u1ee9ng d\u1ee5ng, b\u1ea5m v\u00e0o n\u00fat Cancel c\u1ee7a bu\u1ed5i t\u1eadp b\u1ea1n kh\u00f4ng th\u1ec3 tham gia.<\/p>\n\n\n<div class=\"wp-block-image\">\n<figure class=\"aligncenter size-full\"><img loading=\"lazy\" decoding=\"async\" width=\"600\" height=\"1298\" src=\"https:\/\/purna.vn\/wp-content\/uploads\/2024\/01\/purna-yoga-momence-app-9.jpg\" alt=\"\" class=\"wp-image-26739\" title=\"\" srcset=\"https:\/\/purna.vn\/wp-content\/uploads\/2024\/01\/purna-yoga-momence-app-9.jpg 600w, https:\/\/purna.vn\/wp-content\/uploads\/2024\/01\/purna-yoga-momence-app-9-231x500.jpg 231w, https:\/\/purna.vn\/wp-content\/uploads\/2024\/01\/purna-yoga-momence-app-9-416x900.jpg 416w, https:\/\/purna.vn\/wp-content\/uploads\/2024\/01\/purna-yoga-momence-app-9-6x12.jpg 6w\" sizes=\"auto, (max-width: 600px) 100vw, 600px\" \/><\/figure>\n<\/div>\n\n\n<p>B\u1ea5m ti\u1ebfp Confirm cancellation \u0111\u1ec3 x\u00e1c nh\u1eadn h\u1ee7y \u0111\u1eb7t ch\u1ed7.<\/p>\n\n\n<div class=\"wp-block-image\">\n<figure class=\"aligncenter size-full\"><img loading=\"lazy\" decoding=\"async\" width=\"600\" height=\"1298\" src=\"https:\/\/purna.vn\/wp-content\/uploads\/2024\/01\/purna-yoga-momence-app-10.jpg\" alt=\"\" class=\"wp-image-26740\" title=\"\" srcset=\"https:\/\/purna.vn\/wp-content\/uploads\/2024\/01\/purna-yoga-momence-app-10.jpg 600w, https:\/\/purna.vn\/wp-content\/uploads\/2024\/01\/purna-yoga-momence-app-10-231x500.jpg 231w, https:\/\/purna.vn\/wp-content\/uploads\/2024\/01\/purna-yoga-momence-app-10-416x900.jpg 416w, https:\/\/purna.vn\/wp-content\/uploads\/2024\/01\/purna-yoga-momence-app-10-6x12.jpg 6w\" sizes=\"auto, (max-width: 600px) 100vw, 600px\" \/><\/figure>\n<\/div>\n\n\n<h2 class=\"wp-block-heading\">4. Xem th\u00f4ng tin t\u00e0i kho\u1ea3n<\/h2>\n\n\n\n<p>\u0110\u1ec3 xem th\u00f4ng tin t\u00e0i kho\u1ea3n, b\u1ea1n b\u1ea5m v\u00e0o n\u00fat Account \u1edf r\u00eca ph\u1ea3i b\u00ean d\u01b0\u1edbi m\u00e0n h\u00ecnh. <\/p>\n\n\n<div class=\"wp-block-image\">\n<figure class=\"aligncenter size-full\"><img loading=\"lazy\" decoding=\"async\" width=\"600\" height=\"1298\" src=\"https:\/\/purna.vn\/wp-content\/uploads\/2024\/01\/purna-yoga-momence-app-11-1.jpg\" alt=\"\" class=\"wp-image-26743\" title=\"\" srcset=\"https:\/\/purna.vn\/wp-content\/uploads\/2024\/01\/purna-yoga-momence-app-11-1.jpg 600w, https:\/\/purna.vn\/wp-content\/uploads\/2024\/01\/purna-yoga-momence-app-11-1-231x500.jpg 231w, https:\/\/purna.vn\/wp-content\/uploads\/2024\/01\/purna-yoga-momence-app-11-1-416x900.jpg 416w, https:\/\/purna.vn\/wp-content\/uploads\/2024\/01\/purna-yoga-momence-app-11-1-6x12.jpg 6w\" sizes=\"auto, (max-width: 600px) 100vw, 600px\" \/><\/figure>\n<\/div>\n\n\n<p>B\u1ea5m ti\u1ebfp v\u00e0o m\u1ee5c My memberships \u0111\u1ec3 xem g\u00f3i t\u00e0i kho\u1ea3n hi\u1ec7n t\u1ea1i v\u00e0 s\u1ed1 bu\u1ed5i t\u1eadp c\u00f2n l\u1ea1i c\u1ee7a b\u1ea1n.<\/p>\n\n\n<div class=\"wp-block-image\">\n<figure class=\"aligncenter size-full\"><img loading=\"lazy\" decoding=\"async\" width=\"600\" height=\"1298\" src=\"https:\/\/purna.vn\/wp-content\/uploads\/2024\/01\/purna-yoga-momence-app-12.jpg\" alt=\"\" class=\"wp-image-26736\" title=\"\" srcset=\"https:\/\/purna.vn\/wp-content\/uploads\/2024\/01\/purna-yoga-momence-app-12.jpg 600w, https:\/\/purna.vn\/wp-content\/uploads\/2024\/01\/purna-yoga-momence-app-12-231x500.jpg 231w, https:\/\/purna.vn\/wp-content\/uploads\/2024\/01\/purna-yoga-momence-app-12-416x900.jpg 416w, https:\/\/purna.vn\/wp-content\/uploads\/2024\/01\/purna-yoga-momence-app-12-6x12.jpg 6w\" sizes=\"auto, (max-width: 600px) 100vw, 600px\" \/><\/figure>\n<\/div>\n\n\n<p>N\u1ebfu b\u1ea1n c\u1ea7n h\u1ed7 tr\u1ee3, \u0111\u1eebng ng\u1ea7n ng\u1ea1i li\u00ean h\u1ec7 tr\u1ef1c ti\u1ebfp Purna \u0111\u1ec3 h\u01b0\u1edbng d\u1eabn th\u00eam nh\u00e9. <\/p>\n\n\n\n<p>C\u00e1m \u01a1n b\u1ea1n!<\/p>","protected":false},"excerpt":{"rendered":"<p>Sau khi thi\u1ebft l\u1eadp t\u00e0i kho\u1ea3n Momence th\u00e0nh c\u00f4ng, b\u1ea1n c\u00f3 th\u1ec3 t\u1ea3i app Momence v\u1ec1 \u0111i\u1ec7n tho\u1ea1i \u0111\u1ec3 ti\u1ec7n vi\u1ec7c qu\u1ea3n l\u00fd l\u1ecbch t\u1eadp yoga c\u1ee7a m\u00ecnh. B\u1ea1n c\u00f3 th\u1ec3 s\u1eed d\u1ee5ng \u1ee9ng d\u1ee5ng \u0111\u1ec3 xem l\u1ecbch t\u1eadp, \u0111\u1eb7t v\u00e0 h\u1ee7y l\u1ecbch t\u1eadp cho ph\u00f9 h\u1ee3p v\u1edbi l\u1ecbch tr\u00ecnh c\u1ee7a b\u1ea3n th\u00e2n. B\u1ea1n c\u0169ng c\u00f3 th\u1ec3 trao \u0111\u1ed5i t\u1ef1c ti\u1ebfp v\u1edbi Purna th\u00f4ng qua \u1ee9ng d\u1ee5ng Momence. 1. C\u00e0i \u0111\u1eb7t app Momence l\u00ean \u0111i\u1ec7n tho\u1ea1i B\u1ea1n c\u00f3 th\u1ec3 t\u1ea3i app Momence v\u1ec1 \u0111i\u1ec7n tho\u1ea1i theo 1 trong 2 link d\u01b0\u1edbi \u0111\u00e2y. Sau khi c\u00e0i \u0111\u1eb7t th\u00e0nh c\u00f4ng, b\u1ea1n \u0111\u0103ng nh\u1eadp v\u00e0o \u1ee9ng d\u1ee5ng theo \u0111\u1ecba ch\u1ec9 email v\u00e0 m\u1eadt&#8230;<\/p>","protected":false},"author":446663,"featured_media":26744,"parent":0,"menu_order":0,"comment_status":"closed","ping_status":"closed","template":"","meta":{"_acf_changed":false,"bwfblock_default_font":"","_kad_blocks_custom_css":"","_kad_blocks_head_custom_js":"","_kad_blocks_body_custom_js":"","_kad_blocks_footer_custom_js":"","_kad_post_transparent":"","_kad_post_title":"","_kad_post_layout":"narrow","_kad_post_sidebar_id":"","_kad_post_content_style":"","_kad_post_vertical_padding":"","_kad_post_feature":"","_kad_post_feature_position":"","_kad_post_header":false,"_kad_post_footer":false,"_kad_post_classname":"","footnotes":""},"class_list":["post-24101","page","type-page","status-publish","has-post-thumbnail","hentry"],"acf":[],"taxonomy_info":[],"featured_image_src_large":["https:\/\/purna.vn\/wp-content\/uploads\/2024\/01\/momence-900x597.jpg",900,597,true],"author_info":{"display_name":"Thuan","author_link":"https:\/\/purna.vn\/ja\/author\/thuanbui\/"},"comment_info":0,"_links":{"self":[{"href":"https:\/\/purna.vn\/ja\/wp-json\/wp\/v2\/pages\/24101","targetHints":{"allow":["GET"]}}],"collection":[{"href":"https:\/\/purna.vn\/ja\/wp-json\/wp\/v2\/pages"}],"about":[{"href":"https:\/\/purna.vn\/ja\/wp-json\/wp\/v2\/types\/page"}],"author":[{"embeddable":true,"href":"https:\/\/purna.vn\/ja\/wp-json\/wp\/v2\/users\/446663"}],"replies":[{"embeddable":true,"href":"https:\/\/purna.vn\/ja\/wp-json\/wp\/v2\/comments?post=24101"}],"version-history":[{"count":5,"href":"https:\/\/purna.vn\/ja\/wp-json\/wp\/v2\/pages\/24101\/revisions"}],"predecessor-version":[{"id":26745,"href":"https:\/\/purna.vn\/ja\/wp-json\/wp\/v2\/pages\/24101\/revisions\/26745"}],"wp:featuredmedia":[{"embeddable":true,"href":"https:\/\/purna.vn\/ja\/wp-json\/wp\/v2\/media\/26744"}],"wp:attachment":[{"href":"https:\/\/purna.vn\/ja\/wp-json\/wp\/v2\/media?parent=24101"}],"curies":[{"name":"wp","href":"https:\/\/api.w.org\/{rel}","templated":true}]}}