{"id":6221,"date":"2017-11-19T15:15:07","date_gmt":"2017-11-19T08:15:07","guid":{"rendered":"https:\/\/purna.vn\/?page_id=6221"},"modified":"2022-06-30T13:20:54","modified_gmt":"2022-06-30T06:20:54","slug":"frontpage","status":"publish","type":"page","link":"https:\/\/purna.vn\/en\/frontpage\/","title":{"rendered":"Front Page"},"content":{"rendered":"<h2>Yoga, Vegan, Meditate<\/h2>\n<p>Welcome to Purna's journey of life exploration and yoga inspiration<\/p>\n<p>\t\t\t\t\t<a href=\"#class\"><br \/>\n\t\t\t\t\t\t\t\t\t\tPractice with Purna<br \/>\n\t\t\t\t\t\t\t<\/a><br \/>\n\t\t\t\t\t<a href=\"\/en\/about\/\"><br \/>\n\t\t\t\t\t\t\t\t\t\tMy Story<br \/>\n\t\t\t\t\t\t\t<\/a><br \/>\n\t\t\t\t\t\t\t\t\t\t\t\t<img decoding=\"async\" width=\"768\" height=\"1153\" src=\"https:\/\/purna.vn\/wp-content\/uploads\/2018\/04\/purna-yoga-instructor-5-768x1153.jpg\" alt=\"\" loading=\"lazy\" srcset=\"https:\/\/purna.vn\/wp-content\/uploads\/2018\/04\/purna-yoga-instructor-5-768x1153.jpg 768w, https:\/\/purna.vn\/wp-content\/uploads\/2018\/04\/purna-yoga-instructor-5-33x50.jpg 33w, https:\/\/purna.vn\/wp-content\/uploads\/2018\/04\/purna-yoga-instructor-5-333x500.jpg 333w, https:\/\/purna.vn\/wp-content\/uploads\/2018\/04\/purna-yoga-instructor-5-600x900.jpg 600w, https:\/\/purna.vn\/wp-content\/uploads\/2018\/04\/purna-yoga-instructor-5-380x570.jpg 380w, https:\/\/purna.vn\/wp-content\/uploads\/2018\/04\/purna-yoga-instructor-5.jpg 1066w, https:\/\/purna.vn\/wp-content\/uploads\/2018\/04\/purna-yoga-instructor-5-720x1081.jpg 720w\" sizes=\"auto, (max-width: 768px) 100vw, 768px\" title=\"\">\t\t\t\t\t\t\t\t\t\t\t\t\t\t<\/p>\n<h2><a href=\"\/en\/category\/yoga\/\">Yoga<\/a><\/h2>\n<p>Inhale the future, exhale the past.<\/p>\n<p>\t\t\t\t\t\t\t\t\t\t\t\t\t<a href=\"\/en\/category\/yoga\/\"><br \/>\n\t\t\t\t\t\t\t<img decoding=\"async\" src=\"https:\/\/purna.vn\/wp-content\/uploads\/2018\/04\/purna-yoga-instructor-3-380x570.jpg\" title=\"purna yoga instructor 3\" alt=\"purna yoga instructor 3\" \/>\t\t\t\t\t\t\t\t<\/a><\/p>\n<h2><a href=\"\/en\/category\/eat\/\">Vegan<\/a><\/h2>\n<p>My body is a garden. Go vegan.<\/p>\n<p>\t\t\t\t\t\t\t\t\t\t\t\t\t<a href=\"\/en\/category\/eat\/\"><br \/>\n\t\t\t\t\t\t\t<img decoding=\"async\" src=\"https:\/\/purna.vn\/wp-content\/uploads\/2018\/01\/vegan-1-380x570.jpg\" title=\"vegan 1\" alt=\"vegan 1\" \/>\t\t\t\t\t\t\t\t<\/a><\/p>\n<h2><a href=\"\/en\/category\/meditate\/\">Meditate<\/a><\/h2>\n<p>Sky above, earth below, peace within.<\/p>\n<p>\t\t\t\t\t\t\t\t\t\t\t\t\t<a href=\"\/en\/category\/meditate\/\"><br \/>\n\t\t\t\t\t\t\t<img decoding=\"async\" src=\"https:\/\/purna.vn\/wp-content\/uploads\/2019\/07\/273A0782-380x570.jpg\" title=\"273A0782\" alt=\"273A0782\" \/>\t\t\t\t\t\t\t\t<\/a><\/p>\n<h2>Yoga Classes<\/h2>\n<p>         Monday <\/p>\n<article>\n<h4>\n                    <a data-event-id=\"18245\" href=\"https:\/\/purna.vn\/en\/class\/open-class-daily\/\" target=\"m1\" rel=\"noopener\">Open Class Daily<\/a>                                                        <\/h4>\n<p>                                        05:15 &#8211; 06:15<br \/>\n                                            Studio 1<br \/>\n                                            Purna<br \/>\n        <\/article>\n<article>\n<h4>\n                    <a data-event-id=\"18313\" href=\"https:\/\/purna.vn\/en\/class\/beginner-class-am\/\" target=\"m1\" rel=\"noopener\">Beginner Class (Morning)<\/a>                                                        <\/h4>\n<p>                                        06:15 &#8211; 07:15<br \/>\n                                            Studio 1<br \/>\n                                            Purna<br \/>\n        <\/article>\n<article>\n<h4>\n                    <a data-event-id=\"18363\" href=\"https:\/\/purna.vn\/en\/class\/beginner-class-lunch-time\/\" target=\"m1\" rel=\"noopener\">Beginner Class (Lunch Time)<\/a>                                                        <\/h4>\n<p>                                        11:00 &#8211; 12:00<br \/>\n                                            Studio 1<br \/>\n                                            Purna<br \/>\n        <\/article>\n<article>\n<h4>\n                    <a data-event-id=\"18247\" href=\"https:\/\/purna.vn\/en\/class\/beginner-class\/\" target=\"m1\" rel=\"noopener\">Beginner Class (Evening)<\/a>                                                        <\/h4>\n<p>                                        18:45 &#8211; 19:45<br \/>\n                                            Studio 1<br \/>\n                                            Purna<br \/>\n        <\/article>\n<p>         Tuesday <\/p>\n<article>\n<h4>\n                    <a data-event-id=\"18245\" href=\"https:\/\/purna.vn\/en\/class\/open-class-daily\/\" target=\"m1\" rel=\"noopener\">Open Class Daily<\/a>                                                        <\/h4>\n<p>                                        05:15 &#8211; 06:15<br \/>\n                                            Studio 1<br \/>\n                                            Purna<br \/>\n        <\/article>\n<p>         Wednesday <\/p>\n<article>\n<h4>\n                    <a data-event-id=\"18245\" href=\"https:\/\/purna.vn\/en\/class\/open-class-daily\/\" target=\"m1\" rel=\"noopener\">Open Class Daily<\/a>                                                        <\/h4>\n<p>                                        05:15 &#8211; 06:15<br \/>\n                                            Studio 1<br \/>\n                                            Purna<br \/>\n        <\/article>\n<article>\n<h4>\n                    <a data-event-id=\"18313\" href=\"https:\/\/purna.vn\/en\/class\/beginner-class-am\/\" target=\"m1\" rel=\"noopener\">Beginner Class (Morning)<\/a>                                                        <\/h4>\n<p>                                        06:15 &#8211; 07:15<br \/>\n                                            Studio 1<br \/>\n                                            Purna<br \/>\n        <\/article>\n<article>\n<h4>\n                    <a data-event-id=\"18363\" href=\"https:\/\/purna.vn\/en\/class\/beginner-class-lunch-time\/\" target=\"m1\" rel=\"noopener\">Beginner Class (Lunch Time)<\/a>                                                        <\/h4>\n<p>                                        11:00 &#8211; 12:00<br \/>\n                                            Studio 1<br \/>\n                                            Purna<br \/>\n        <\/article>\n<article>\n<h4>\n                    <a data-event-id=\"18247\" href=\"https:\/\/purna.vn\/en\/class\/beginner-class\/\" target=\"m1\" rel=\"noopener\">Beginner Class (Evening)<\/a>                                                        <\/h4>\n<p>                                        18:45 &#8211; 19:45<br \/>\n                                            Studio 1<br \/>\n                                            Purna<br \/>\n        <\/article>\n<p>         Thursday <\/p>\n<article>\n<h4>\n                    <a data-event-id=\"18245\" href=\"https:\/\/purna.vn\/en\/class\/open-class-daily\/\" target=\"m1\" rel=\"noopener\">Open Class Daily<\/a>                                                        <\/h4>\n<p>                                        05:15 &#8211; 06:15<br \/>\n                                            Studio 1<br \/>\n                                            Purna<br \/>\n        <\/article>\n<p>         Friday <\/p>\n<article>\n<h4>\n                    <a data-event-id=\"18245\" href=\"https:\/\/purna.vn\/en\/class\/open-class-daily\/\" target=\"m1\" rel=\"noopener\">Open Class Daily<\/a>                                                        <\/h4>\n<p>                                        05:15 &#8211; 06:15<br \/>\n                                            Studio 1<br \/>\n                                            Purna<br \/>\n        <\/article>\n<article>\n<h4>\n                    <a data-event-id=\"18313\" href=\"https:\/\/purna.vn\/en\/class\/beginner-class-am\/\" target=\"m1\" rel=\"noopener\">Beginner Class (Morning)<\/a>                                                        <\/h4>\n<p>                                        06:15 &#8211; 07:15<br \/>\n                                            Studio 1<br \/>\n                                            Purna<br \/>\n        <\/article>\n<article>\n<h4>\n                    <a data-event-id=\"18363\" href=\"https:\/\/purna.vn\/en\/class\/beginner-class-lunch-time\/\" target=\"m1\" rel=\"noopener\">Beginner Class (Lunch Time)<\/a>                                                        <\/h4>\n<p>                                        11:00 &#8211; 12:00<br \/>\n                                            Studio 1<br \/>\n                                            Purna<br \/>\n        <\/article>\n<article>\n<h4>\n                    <a data-event-id=\"18247\" href=\"https:\/\/purna.vn\/en\/class\/beginner-class\/\" target=\"m1\" rel=\"noopener\">Beginner Class (Evening)<\/a>                                                        <\/h4>\n<p>                                        18:45 &#8211; 19:45<br \/>\n                                            Studio 1<br \/>\n                                            Purna<br \/>\n        <\/article>\n<p>         Th\u1ee9 B\u1ea3y <\/p>\n<article>\n<h4>\n                    <a data-event-id=\"18365\" href=\"https:\/\/purna.vn\/en\/class\/yin-yoga\/\" target=\"m1\" rel=\"noopener\">Yin Yoga<\/a>                                                        <\/h4>\n<p>                                        06:00 &#8211; 07:00<br \/>\n                                            Studio 1<br \/>\n                                            Purna<br \/>\n        <\/article>\n<p>\t\t\t<a href=\"\/en\/classes\/\" role=\"button\"><br \/>\n\t\t\t\t\t\tFind Out More<br \/>\n\t\t\t\t\t<\/a><\/p>\n<h2>Purna&#8217;s Blog<\/h2>\n<p>\t\t\t<a href=\"https:\/\/purna.vn\/en\/chia-se-kinh-nghiem-duc-ket-khi-tap-ashtanga\/\" target=\"_self\" title=\"Chia s\u1ebb kinh nghi\u1ec7m \u0111\u00fac k\u1ebft khi t\u1eadp Ashtanga\" rel=\"noopener\"><img decoding=\"async\" src=\"https:\/\/purna.vn\/wp-content\/uploads\/2022\/05\/ECA64E55-5EC0-427A-83AB-5BA4E5A4CDF6-680x290.jpg\" title=\"ECA64E55-5EC0-427A-83AB-5BA4E5A4CDF6\" alt=\"ECA64E55-5EC0-427A-83AB-5BA4E5A4CDF6\" \/><\/a><br \/>\n\t\t\t\t\t\t\tYoga<\/p>\n<h3>\n\t\t\t\t\t\t<a href=\"https:\/\/purna.vn\/en\/chia-se-kinh-nghiem-duc-ket-khi-tap-ashtanga\/\" target=\"_self\" rel=\"noopener\"><br \/>\n\t\t\t\tChia s\u1ebb kinh nghi\u1ec7m \u0111\u00fac k\u1ebft khi t\u1eadp Ashtanga\t\t\t<\/a><br \/>\n\t\t\t\t<\/h3>\n<p>\t\t\t<a href=\"https:\/\/purna.vn\/en\/mantra-20-06-22-doi-mat-voi-nhung-viec-khong-thich\/\" target=\"_self\" title=\"[Mantra 20\/06\/22] \u0110\u1ed1i m\u1eb7t v\u1edbi nh\u1eefng vi\u1ec7c kh\u00f4ng th\u00edch\" rel=\"noopener\"><img decoding=\"async\" src=\"https:\/\/purna.vn\/wp-content\/uploads\/2022\/06\/unhappy-680x290.jpg\" title=\"unhappy\" alt=\"unhappy\" \/><\/a><br \/>\n\t\t\t\t\t\t\tLifestyle<\/p>\n<h3>\n\t\t\t\t\t\t<a href=\"https:\/\/purna.vn\/en\/mantra-20-06-22-doi-mat-voi-nhung-viec-khong-thich\/\" target=\"_self\" rel=\"noopener\"><br \/>\n\t\t\t\t[Mantra 20\/06\/22] \u0110\u1ed1i m\u1eb7t v\u1edbi nh\u1eefng vi\u1ec7c kh\u00f4ng th\u00edch\t\t\t<\/a><br \/>\n\t\t\t\t<\/h3>\n<p>\t\t\t<a href=\"https:\/\/purna.vn\/en\/hanh-trinh-tro-thanh-ironman-tien-bo-moi-ngua-chien-moi\/\" target=\"_self\" title=\"[H\u00e0nh tr\u00ecnh tr\u1edf th\u00e0nh IronMan]\u00a0\u00a0Ti\u1ebfn b\u1ed9 m\u1edbi &#8211; &#8220;Ng\u1ef1a chi\u1ebfn&#8221; m\u1edbi\" rel=\"noopener\"><img decoding=\"async\" src=\"https:\/\/purna.vn\/wp-content\/uploads\/2022\/06\/ironman-680x290.jpg\" title=\"ironman\" alt=\"ironman\" \/><\/a><br \/>\n\t\t\t\t\t\t\tLifestyle<\/p>\n<h3>\n\t\t\t\t\t\t<a href=\"https:\/\/purna.vn\/en\/hanh-trinh-tro-thanh-ironman-tien-bo-moi-ngua-chien-moi\/\" target=\"_self\" rel=\"noopener\"><br \/>\n\t\t\t\t[H\u00e0nh tr\u00ecnh tr\u1edf th\u00e0nh IronMan]\u00a0\u00a0Ti\u1ebfn b\u1ed9 m\u1edbi &#8211; &#8220;Ng\u1ef1a chi\u1ebfn&#8221; m\u1edbi\t\t\t<\/a><br \/>\n\t\t\t\t<\/h3>\n<p>\t\t\t<a href=\"https:\/\/purna.vn\/en\/cam-giac-du-tu-ben-trong-that-tuyet-voi\/\" target=\"_self\" title=\"C\u1ea3m gi\u00e1c &#8220;\u0111\u1ee7&#8221; t\u1eeb b\u00ean trong th\u1eadt tuy\u1ec7t v\u1eddi!\" rel=\"noopener\"><img decoding=\"async\" src=\"https:\/\/purna.vn\/wp-content\/uploads\/2022\/06\/EC78AAC7-FEF8-4334-96B3-B3449D28FE6A-680x290.jpg\" title=\"EC78AAC7-FEF8-4334-96B3-B3449D28FE6A\" alt=\"EC78AAC7-FEF8-4334-96B3-B3449D28FE6A\" \/><\/a><br \/>\n\t\t\t\t\t\t\tLifestyle<\/p>\n<h3>\n\t\t\t\t\t\t<a href=\"https:\/\/purna.vn\/en\/cam-giac-du-tu-ben-trong-that-tuyet-voi\/\" target=\"_self\" rel=\"noopener\"><br \/>\n\t\t\t\tC\u1ea3m gi\u00e1c &#8220;\u0111\u1ee7&#8221; t\u1eeb b\u00ean trong th\u1eadt tuy\u1ec7t v\u1eddi!\t\t\t<\/a><br \/>\n\t\t\t\t<\/h3>\n<p>\t\t\t<a href=\"https:\/\/purna.vn\/en\/hanh-trinh-tro-thanh-ironman-sang-to-nhung-ngo-nhan-sai-lam-khi-tap-ba-mon-phoi-hop\/\" target=\"_self\" title=\"[H\u00e0nh tr\u00ecnh tr\u1edf th\u00e0nh IronMan] S\u00e1ng t\u1ecf nh\u1eefng ng\u1ed9 nh\u1eadn sai l\u1ea7m khi t\u1eadp ba m\u00f4n ph\u1ed1i h\u1ee3p\" rel=\"noopener\"><img decoding=\"async\" src=\"https:\/\/purna.vn\/wp-content\/uploads\/2022\/06\/IMG_6534-680x290.jpg\" title=\"IMG_6534\" alt=\"IMG_6534\" \/><\/a><br \/>\n\t\t\t\t\t\t\tLifestyle<\/p>\n<h3>\n\t\t\t\t\t\t<a href=\"https:\/\/purna.vn\/en\/hanh-trinh-tro-thanh-ironman-sang-to-nhung-ngo-nhan-sai-lam-khi-tap-ba-mon-phoi-hop\/\" target=\"_self\" rel=\"noopener\"><br \/>\n\t\t\t\t[H\u00e0nh tr\u00ecnh tr\u1edf th\u00e0nh IronMan] S\u00e1ng t\u1ecf nh\u1eefng ng\u1ed9 nh\u1eadn sai l\u1ea7m khi t\u1eadp ba m\u00f4n ph\u1ed1i h\u1ee3p\t\t\t<\/a><br \/>\n\t\t\t\t<\/h3>\n<p>\t\t\t<a href=\"https:\/\/purna.vn\/en\/mantra-22-05-2022-tap-het-suc-choi-het-minh-song-het-tam\/\" target=\"_self\" title=\"Mantra 22\/05\/2022: T\u1eadp h\u1ebft s\u1ee9c &#8211; ch\u01a1i h\u1ebft m\u00ecnh &#8211; s\u1ed1ng h\u1ebft t\u00e2m\" rel=\"noopener\"><img decoding=\"async\" src=\"https:\/\/purna.vn\/wp-content\/uploads\/2022\/05\/081022C8-BF2A-4832-B8B5-CE49D5035F19-680x290.jpg\" title=\"081022C8-BF2A-4832-B8B5-CE49D5035F19\" alt=\"081022C8-BF2A-4832-B8B5-CE49D5035F19\" \/><\/a><br \/>\n\t\t\t\t\t\t\tLifestyle<\/p>\n<h3>\n\t\t\t\t\t\t<a href=\"https:\/\/purna.vn\/en\/mantra-22-05-2022-tap-het-suc-choi-het-minh-song-het-tam\/\" target=\"_self\" rel=\"noopener\"><br \/>\n\t\t\t\tMantra 22\/05\/2022: T\u1eadp h\u1ebft s\u1ee9c &#8211; ch\u01a1i h\u1ebft m\u00ecnh &#8211; s\u1ed1ng h\u1ebft t\u00e2m\t\t\t<\/a><br \/>\n\t\t\t\t<\/h3>\n<p>\t\t<a href=\"\/en\/blog\/\">Read My Blog<\/a><\/p>\n<p>Veganism is not a sacrifice. It is a joy<\/p>\n<p>\t\t\t<a href=\"\/en\/category\/eat\/\" role=\"button\"><br \/>\n\t\t\t\t\t\tRead More<br \/>\n\t\t\t\t\t<\/a><\/p>\n<h2>Purna&#8217;s Shop<\/h2>\n<div class=\"woocommerce columns-3\"><ul class=\"products content-wrap product-archive grid-cols grid-sm-col-2 grid-lg-col-3 woo-archive-action-on-hover woo-archive-btn-text  woo-archive-image-hover-none\"><li class=\"entry content-bg loop-entry product type-product post-39625 status-publish first instock product_cat-yoga virtual purchasable product-type-simple\">\n\t<a href=\"https:\/\/purna.vn\/en\/shop\/yoga-standard-plan\/\" class=\"woocommerce-loop-image-link woocommerce-LoopProduct-link woocommerce-loop-product__link\"><img loading=\"lazy\" decoding=\"async\" width=\"530\" height=\"530\" src=\"https:\/\/purna.vn\/wp-content\/uploads\/woocommerce-placeholder-530x530.png\" class=\"woocommerce-placeholder wp-post-image\" alt=\"Placeholder\" srcset=\"https:\/\/purna.vn\/wp-content\/uploads\/woocommerce-placeholder-530x530.png 530w, https:\/\/purna.vn\/wp-content\/uploads\/woocommerce-placeholder-150x150.png 150w, https:\/\/purna.vn\/wp-content\/uploads\/woocommerce-placeholder-500x500.png 500w, https:\/\/purna.vn\/wp-content\/uploads\/woocommerce-placeholder-768x768.png 768w, https:\/\/purna.vn\/wp-content\/uploads\/woocommerce-placeholder-900x900.png 900w, https:\/\/purna.vn\/wp-content\/uploads\/woocommerce-placeholder.png 1200w\" sizes=\"auto, (max-width: 530px) 100vw, 530px\" title=\"\" data-no-translation-alt=\"\"><\/a><div class=\"product-details content-bg entry-content-wrap\"><h2 class=\"woocommerce-loop-product__title\"><a href=\"https:\/\/purna.vn\/en\/shop\/yoga-standard-plan\/\" class=\"woocommerce-LoopProduct-link-title woocommerce-loop-product__title_ink\">Online Yoga &#8211; Standard Plan<\/a><\/h2>\n\t<span class=\"price\"><span class=\"woocommerce-Price-amount amount\"><bdi>9,000&nbsp;<span class=\"woocommerce-Price-currencySymbol\">&yen;<\/span><\/bdi><\/span><\/span>\n<div class=\"product-action-wrap\"><\/div><\/div><\/li>\n<\/ul>\n<\/div>\n<p><a href=\"\/en\/shop\/\">Xem S\u1ea3n Ph\u1ea9m<\/a><\/p>","protected":false},"excerpt":{"rendered":"<p>Yoga, Vegan, Meditate Ch\u00e0o m\u1eebng b\u1ea1n \u0111\u1ebfn v\u1edbi h\u00e0nh tr\u00ecnh kh\u00e1m ph\u00e1 cu\u1ed9c s\u1ed1ng v\u00e0 truy\u1ec1n c\u1ea3m h\u1ee9ng Yoga c\u1ee7a Purna T\u1eadp Luy\u1ec7n C\u00f9ng Purna Gi\u1edbi Thi\u1ec7u Yoga Inhale the future, exhale the past. \u0102n Chay My body is a garden. Go vegan. Thi\u1ec1n Sky above, earth below, peace within. L\u1ecbch T\u1eadp Yoga Th\u1ee9 Hai&#8230;<\/p>","protected":false},"author":446663,"featured_media":0,"parent":0,"menu_order":0,"comment_status":"closed","ping_status":"closed","template":"","meta":{"_acf_changed":false,"bwfblock_default_font":"","_kad_blocks_custom_css":"","_kad_blocks_head_custom_js":"","_kad_blocks_body_custom_js":"","_kad_blocks_footer_custom_js":"","_kad_post_transparent":"","_kad_post_title":"hide","_kad_post_layout":"fullwidth","_kad_post_sidebar_id":"","_kad_post_content_style":"","_kad_post_vertical_padding":"","_kad_post_feature":"","_kad_post_feature_position":"","_kad_post_header":false,"_kad_post_footer":false,"_kad_post_classname":"","footnotes":""},"class_list":["post-6221","page","type-page","status-publish","hentry"],"acf":[],"taxonomy_info":[],"featured_image_src_large":false,"author_info":{"display_name":"Thuan","author_link":"https:\/\/purna.vn\/en\/author\/thuanbui\/"},"comment_info":0,"_links":{"self":[{"href":"https:\/\/purna.vn\/en\/wp-json\/wp\/v2\/pages\/6221","targetHints":{"allow":["GET"]}}],"collection":[{"href":"https:\/\/purna.vn\/en\/wp-json\/wp\/v2\/pages"}],"about":[{"href":"https:\/\/purna.vn\/en\/wp-json\/wp\/v2\/types\/page"}],"author":[{"embeddable":true,"href":"https:\/\/purna.vn\/en\/wp-json\/wp\/v2\/users\/446663"}],"replies":[{"embeddable":true,"href":"https:\/\/purna.vn\/en\/wp-json\/wp\/v2\/comments?post=6221"}],"version-history":[{"count":35,"href":"https:\/\/purna.vn\/en\/wp-json\/wp\/v2\/pages\/6221\/revisions"}],"predecessor-version":[{"id":19273,"href":"https:\/\/purna.vn\/en\/wp-json\/wp\/v2\/pages\/6221\/revisions\/19273"}],"wp:attachment":[{"href":"https:\/\/purna.vn\/en\/wp-json\/wp\/v2\/media?parent=6221"}],"curies":[{"name":"wp","href":"https:\/\/api.w.org\/{rel}","templated":true}]}}