{"id":23228,"date":"2023-11-28T19:29:15","date_gmt":"2023-11-28T12:29:15","guid":{"rendered":"https:\/\/purna.vn\/?page_id=23228"},"modified":"2024-01-02T18:23:12","modified_gmt":"2024-01-02T11:23:12","slug":"huong-dan-momence-phan-1","status":"publish","type":"page","link":"https:\/\/purna.vn\/en\/huong-dan-momence-phan-1\/","title":{"rendered":"[H\u01b0\u1edbng d\u1eabn Momence] Ph\u1ea7n 1 &#8211; Thi\u1ebft l\u1eadp t\u00e0i kho\u1ea3n"},"content":{"rendered":"<p>Xin ch\u00e0o m\u1ecdi ng\u01b0\u1eddi,<\/p>\n\n\n\n<p>T\u1eeb \u0111\u1ea7u n\u0103m 2024, Purna Studio s\u1ebd chuy\u1ec3n qua s\u1eed d\u1ee5ng h\u1ec7 th\u1ed1ng qu\u1ea3n l\u00fd ph\u00f2ng t\u1eadp c\u1ee7a <strong>Momence<\/strong> \u0111\u1ec3 mang \u0111\u1ebfn tr\u1ea3i nghi\u1ec7m \u0111\u1eb7t ch\u1ed7 ti\u1ec7n l\u1ee3i h\u01a1n cho m\u1ecdi ng\u01b0\u1eddi. B\u00e0i vi\u1ebft n\u00e0y s\u1ebd h\u01b0\u1edbng d\u1eabn b\u1ea1n c\u00e1ch k\u00edch ho\u1ea1t t\u00e0i kho\u1ea3n v\u00e0 c\u00e0i \u0111\u1eb7t app Momence tr\u00ean \u0111i\u1ec7n tho\u1ea1i \u0111\u1ec3 c\u00f3 th\u1ec3 \u0111\u1eb7t ch\u1ed7 v\u00e0 t\u1ef1 qu\u1ea3n l\u00fd l\u1ecbch t\u1eadp yoga c\u1ee7a b\u1ea1n t\u1ea1i Purna Studio.<\/p>\n\n\n\n<h2 class=\"wp-block-heading\">1. K\u00edch ho\u1ea1t t\u00e0i kho\u1ea3n Momence<\/h2>\n\n\n\n<p>Sau khi \u0111\u0103ng k\u00fd t\u1eadp luy\u1ec7n t\u1ea1i Purna Studio, b\u1ea1n s\u1ebd nh\u1eadn \u0111\u01b0\u1ee3c m\u1ed9t email t\u1eeb Momence th\u00f4ng b\u00e1o r\u1eb1ng t\u00e0i kho\u1ea3n m\u1edbi c\u1ee7a b\u1ea1n \u0111\u00e3 \u0111\u01b0\u1ee3c t\u1ea1o t\u1ea1i Purna. <\/p>\n\n\n\n<figure class=\"wp-block-image size-full\"><img loading=\"lazy\" decoding=\"async\" width=\"1524\" height=\"1480\" src=\"https:\/\/purna.vn\/wp-content\/uploads\/2023\/11\/how-to-use-momence-1.png\" alt=\"\" class=\"wp-image-23233\" title=\"\" srcset=\"https:\/\/purna.vn\/wp-content\/uploads\/2023\/11\/how-to-use-momence-1.png 1524w, https:\/\/purna.vn\/wp-content\/uploads\/2023\/11\/how-to-use-momence-1-500x486.png 500w, https:\/\/purna.vn\/wp-content\/uploads\/2023\/11\/how-to-use-momence-1-900x874.png 900w, https:\/\/purna.vn\/wp-content\/uploads\/2023\/11\/how-to-use-momence-1-768x746.png 768w, https:\/\/purna.vn\/wp-content\/uploads\/2023\/11\/how-to-use-momence-1-12x12.png 12w\" sizes=\"auto, (max-width: 1524px) 100vw, 1524px\" \/><\/figure>\n\n\n\n<p><\/p>\n\n\n\n<p><\/p>\n\n\n\n<p>B\u1ea1n c\u1ea7n b\u1ea5m v\u00e0o d\u00f2ng ch\u1eef <strong><span style=\"text-decoration: underline;\">Click here to create it<\/span><\/strong> \u0111\u1ec3 t\u1ea1o m\u1eadt kh\u1ea9u m\u1edbi cho t\u00e0i kho\u1ea3n c\u1ee7a m\u00ecnh.<\/p>\n\n\n\n<p>Ti\u1ebfp theo, nh\u1eadp v\u00e0o \u0111\u1ecba ch\u1ec9 email c\u1ee7a b\u1ea1n v\u00e0 b\u1ea5m Reset password. L\u01b0u \u00fd: email n\u00e0y c\u1ea7n tr\u00f9ng v\u1edbi email b\u1ea1nd \u0111\u00e3 cung c\u1ea5p cho Purna khi \u0111\u0103ng k\u00fd h\u1ecdc.<\/p>\n\n\n<div class=\"wp-block-image\">\n<figure class=\"aligncenter size-full\"><img loading=\"lazy\" decoding=\"async\" width=\"1080\" height=\"904\" src=\"https:\/\/purna.vn\/wp-content\/uploads\/2023\/11\/how-to-use-momence-2.png\" alt=\"\" class=\"wp-image-23230\" title=\"\" srcset=\"https:\/\/purna.vn\/wp-content\/uploads\/2023\/11\/how-to-use-momence-2.png 1080w, https:\/\/purna.vn\/wp-content\/uploads\/2023\/11\/how-to-use-momence-2-500x419.png 500w, https:\/\/purna.vn\/wp-content\/uploads\/2023\/11\/how-to-use-momence-2-900x753.png 900w, https:\/\/purna.vn\/wp-content\/uploads\/2023\/11\/how-to-use-momence-2-768x643.png 768w, https:\/\/purna.vn\/wp-content\/uploads\/2023\/11\/how-to-use-momence-2-14x12.png 14w\" sizes=\"auto, (max-width: 1080px) 100vw, 1080px\" \/><\/figure>\n<\/div>\n\n<div class=\"wp-block-image is-style-default\">\n<figure class=\"aligncenter size-full\"><img loading=\"lazy\" decoding=\"async\" width=\"1120\" height=\"874\" src=\"https:\/\/purna.vn\/wp-content\/uploads\/2023\/11\/how-to-use-momence-3.png\" alt=\"\" class=\"wp-image-23231\" title=\"\" srcset=\"https:\/\/purna.vn\/wp-content\/uploads\/2023\/11\/how-to-use-momence-3.png 1120w, https:\/\/purna.vn\/wp-content\/uploads\/2023\/11\/how-to-use-momence-3-500x390.png 500w, https:\/\/purna.vn\/wp-content\/uploads\/2023\/11\/how-to-use-momence-3-900x702.png 900w, https:\/\/purna.vn\/wp-content\/uploads\/2023\/11\/how-to-use-momence-3-768x599.png 768w, https:\/\/purna.vn\/wp-content\/uploads\/2023\/11\/how-to-use-momence-3-15x12.png 15w\" sizes=\"auto, (max-width: 1120px) 100vw, 1120px\" \/><\/figure>\n<\/div>\n\n\n<p>B\u1ea1n s\u1ebd nh\u1eadn th\u00eam m\u1ed9t email m\u1edbi v\u1edbi ti\u00eau \u0111\u1ec1: Reset Password, y\u00eau c\u1ea7u kh\u1edfi t\u1ea1o l\u1ea1i m\u1eadt kh\u1ea9u m\u1edbi. B\u1ea5m v\u00e0o link trong email \u0111\u1ec3 ti\u1ebfp t\u1ee5c.<\/p>\n\n\n\n<figure class=\"wp-block-image size-full\"><img loading=\"lazy\" decoding=\"async\" width=\"1524\" height=\"1480\" src=\"https:\/\/purna.vn\/wp-content\/uploads\/2023\/11\/how-to-use-momence-4.png\" alt=\"\" class=\"wp-image-23234\" title=\"\" srcset=\"https:\/\/purna.vn\/wp-content\/uploads\/2023\/11\/how-to-use-momence-4.png 1524w, https:\/\/purna.vn\/wp-content\/uploads\/2023\/11\/how-to-use-momence-4-500x486.png 500w, https:\/\/purna.vn\/wp-content\/uploads\/2023\/11\/how-to-use-momence-4-900x874.png 900w, https:\/\/purna.vn\/wp-content\/uploads\/2023\/11\/how-to-use-momence-4-768x746.png 768w, https:\/\/purna.vn\/wp-content\/uploads\/2023\/11\/how-to-use-momence-4-12x12.png 12w\" sizes=\"auto, (max-width: 1524px) 100vw, 1524px\" \/><\/figure>\n\n\n\n<p>Nh\u1eadp v\u00e0o m\u1eadt kh\u1ea9u m\u1edbi cho t\u00e0i kho\u1ea3n c\u1ee7a b\u1ea1n v\u00e0o \u00f4 New password v\u00e0 x\u00e1c nh\u1eadn l\u1ea1i trong \u00f4 Repeat new password. Sau \u0111\u00f3 b\u1ea5m Create password \u0111\u1ec3 x\u00e1c nh\u1eadn.<\/p>\n\n\n\n<figure class=\"wp-block-image size-full\"><img loading=\"lazy\" decoding=\"async\" width=\"1112\" height=\"1180\" src=\"https:\/\/purna.vn\/wp-content\/uploads\/2023\/11\/how-to-use-momence-5.png\" alt=\"\" class=\"wp-image-23232\" title=\"\" srcset=\"https:\/\/purna.vn\/wp-content\/uploads\/2023\/11\/how-to-use-momence-5.png 1112w, https:\/\/purna.vn\/wp-content\/uploads\/2023\/11\/how-to-use-momence-5-471x500.png 471w, https:\/\/purna.vn\/wp-content\/uploads\/2023\/11\/how-to-use-momence-5-848x900.png 848w, https:\/\/purna.vn\/wp-content\/uploads\/2023\/11\/how-to-use-momence-5-768x815.png 768w, https:\/\/purna.vn\/wp-content\/uploads\/2023\/11\/how-to-use-momence-5-11x12.png 11w\" sizes=\"auto, (max-width: 1112px) 100vw, 1112px\" \/><\/figure>\n\n\n\n<h2 class=\"wp-block-heading\">2. \u0110\u0103ng nh\u1eadp v\u00e0o Momence<\/h2>\n\n\n\n<p>Sau khi t\u1ea1o m\u1eadt kh\u1ea9u th\u00e0nh c\u00f4ng, b\u1ea1n \u0111\u00e3 c\u00f3 th\u1ec3 <a href=\"https:\/\/momence.com\/sign-in\" data-type=\"link\" data-id=\"https:\/\/momence.com\/sign-in\" target=\"_blank\" rel=\"noopener\">\u0111\u0103ng nh\u1eadp v\u00e0o Momence<\/a> \u0111\u1ec3 \u0111\u1eb7t l\u1ecbch t\u1eadp yoga t\u1ea1i Purna Studio. <\/p>\n\n\n<style>.wp-block-kadence-advancedbtn.kb-btns23228_130f92-6d{gap:var(--global-kb-gap-xs, 0.5rem );justify-content:center;align-items:center;}.kt-btns23228_130f92-6d .kt-button{font-weight:normal;font-style:normal;}.kt-btns23228_130f92-6d .kt-btn-wrap-0{margin-right:5px;}.wp-block-kadence-advancedbtn.kt-btns23228_130f92-6d .kt-btn-wrap-0 .kt-button{color:#555555;border-color:#555555;}.wp-block-kadence-advancedbtn.kt-btns23228_130f92-6d .kt-btn-wrap-0 .kt-button:hover, .wp-block-kadence-advancedbtn.kt-btns23228_130f92-6d .kt-btn-wrap-0 .kt-button:focus{color:#ffffff;border-color:#444444;}.wp-block-kadence-advancedbtn.kt-btns23228_130f92-6d .kt-btn-wrap-0 .kt-button::before{display:none;}.wp-block-kadence-advancedbtn.kt-btns23228_130f92-6d .kt-btn-wrap-0 .kt-button:hover, .wp-block-kadence-advancedbtn.kt-btns23228_130f92-6d .kt-btn-wrap-0 .kt-button:focus{background:#444444;}<\/style>\n<div class=\"wp-block-kadence-advancedbtn kb-buttons-wrap kb-btns23228_130f92-6d\"><style>ul.menu .wp-block-kadence-advancedbtn .kb-btn23228_9d9479-de.kb-button{width:initial;}<\/style><a class=\"kb-button kt-button button kb-btn23228_9d9479-de kt-btn-size-standard kt-btn-width-type-auto kb-btn-global-fill kt-btn-has-text-true kt-btn-has-svg-false  wp-block-kadence-singlebtn\" href=\"https:\/\/momence.com\/sign-in\" target=\"_blank\" rel=\"noopener\"><span class=\"kt-btn-inner-text\">\u0110\u0102NG NH\u1eacP MOMENCE<\/span><\/a><\/div>\n\n\n\n<p>Nh\u1eadp email v\u00e0 m\u1eadt kh\u1ea9u c\u1ee7a b\u1ea1n, sau \u0111\u00f3 b\u1ea5m Log in \u0111\u1ec3 \u0111\u0103ng nh\u1eadp.<\/p>\n\n\n\n<figure class=\"wp-block-image size-large\"><img loading=\"lazy\" decoding=\"async\" width=\"900\" height=\"868\" src=\"https:\/\/purna.vn\/wp-content\/uploads\/2023\/11\/login-to-momence-1-900x868.png\" alt=\"\" class=\"wp-image-23236\" title=\"\" srcset=\"https:\/\/purna.vn\/wp-content\/uploads\/2023\/11\/login-to-momence-1-900x868.png 900w, https:\/\/purna.vn\/wp-content\/uploads\/2023\/11\/login-to-momence-1-500x482.png 500w, https:\/\/purna.vn\/wp-content\/uploads\/2023\/11\/login-to-momence-1-768x741.png 768w, https:\/\/purna.vn\/wp-content\/uploads\/2023\/11\/login-to-momence-1-12x12.png 12w, https:\/\/purna.vn\/wp-content\/uploads\/2023\/11\/login-to-momence-1.png 1240w\" sizes=\"auto, (max-width: 900px) 100vw, 900px\" \/><\/figure>\n\n\n\n<p>Sau khi \u0111\u0103ng nh\u1eadp th\u00e0nh c\u00f4ng, b\u1ea1n s\u1ebd truy c\u1eadp v\u00e0o trang qu\u1ea3n l\u00fd tr\u00ean Momence \u0111\u1ec3 xem th\u00f4ng tin chi ti\u1ebft g\u00f3i t\u00e0i kho\u1ea3n c\u1ee7a m\u00ecnh. B\u1ea1n c\u00f3 th\u1ec3 \u0111\u1eb7t l\u1ecbch h\u1ecdc tr\u1ef1c ti\u1ebfp tr\u00ean tr\u00ecnh duy\u1ec7t web, ho\u1eb7c t\u1ea3i app Momence v\u1ec1 \u0111i\u1ec7n tho\u1ea1i \u0111\u1ec3 s\u1eed d\u1ee5ng ti\u1ec7n l\u1ee3i h\u01a1n.<\/p>\n\n\n\n<figure class=\"wp-block-image alignwide size-full\"><img loading=\"lazy\" decoding=\"async\" width=\"1893\" height=\"1530\" src=\"https:\/\/purna.vn\/wp-content\/uploads\/2023\/11\/login-to-momence-2.png\" alt=\"\" class=\"wp-image-23237\" title=\"\" srcset=\"https:\/\/purna.vn\/wp-content\/uploads\/2023\/11\/login-to-momence-2.png 1893w, https:\/\/purna.vn\/wp-content\/uploads\/2023\/11\/login-to-momence-2-500x404.png 500w, https:\/\/purna.vn\/wp-content\/uploads\/2023\/11\/login-to-momence-2-900x727.png 900w, https:\/\/purna.vn\/wp-content\/uploads\/2023\/11\/login-to-momence-2-1536x1241.png 1536w, https:\/\/purna.vn\/wp-content\/uploads\/2023\/11\/login-to-momence-2-768x621.png 768w, https:\/\/purna.vn\/wp-content\/uploads\/2023\/11\/login-to-momence-2-15x12.png 15w\" sizes=\"auto, (max-width: 1893px) 100vw, 1893px\" \/><\/figure>\n\n\n\n<p>Xem th\u00eam h\u01b0\u1edbng d\u1eabn c\u00e0i \u0111\u1eb7t app Momence v\u00e0 c\u00e1ch \u0111\u1eb7t l\u1ecbch t\u1eadp yoga trong b\u00e0i vi\u1ebft b\u00ean d\u01b0\u1edbi b\u1ea1n nh\u00e9<\/p>\n\n\n\n<figure class=\"wp-block-embed is-type-wp-embed is-provider-purna wp-block-embed-purna\"><div class=\"wp-block-embed__wrapper\">\n<blockquote class=\"wp-embedded-content\" data-secret=\"VjMX43FUTL\"><a href=\"https:\/\/purna.vn\/en\/huong-dan-momence-phan-2\/\">[H\u01b0\u1edbng d\u1eabn Momence] Ph\u1ea7n 2 &#8211; C\u00e0i \u0111\u1eb7t app v\u00e0 qu\u1ea3n l\u00fd l\u1ecbch t\u1eadp yoga<\/a><\/blockquote><iframe loading=\"lazy\" class=\"wp-embedded-content\" sandbox=\"allow-scripts\" security=\"restricted\" style=\"position: absolute; clip: rect(1px, 1px, 1px, 1px);\" title=\"&#8220;[H\u01b0\u1edbng d\u1eabn Momence] Ph\u1ea7n 2 &#8211; C\u00e0i \u0111\u1eb7t app v\u00e0 qu\u1ea3n l\u00fd l\u1ecbch t\u1eadp yoga&#8221; &#8212; purna\" src=\"https:\/\/purna.vn\/huong-dan-momence-phan-2\/embed\/#?secret=7oY7OHsce9#?secret=VjMX43FUTL\" data-secret=\"VjMX43FUTL\" width=\"600\" height=\"338\" frameborder=\"0\" marginwidth=\"0\" marginheight=\"0\" scrolling=\"no\"><\/iframe>\n<\/div><\/figure>","protected":false},"excerpt":{"rendered":"<p>Xin ch\u00e0o m\u1ecdi ng\u01b0\u1eddi, T\u1eeb \u0111\u1ea7u n\u0103m 2024, Purna Studio s\u1ebd chuy\u1ec3n qua s\u1eed d\u1ee5ng h\u1ec7 th\u1ed1ng qu\u1ea3n l\u00fd ph\u00f2ng t\u1eadp c\u1ee7a Momence \u0111\u1ec3 mang \u0111\u1ebfn tr\u1ea3i nghi\u1ec7m \u0111\u1eb7t ch\u1ed7 ti\u1ec7n l\u1ee3i h\u01a1n cho m\u1ecdi ng\u01b0\u1eddi. B\u00e0i vi\u1ebft n\u00e0y s\u1ebd h\u01b0\u1edbng d\u1eabn b\u1ea1n c\u00e1ch k\u00edch ho\u1ea1t t\u00e0i kho\u1ea3n v\u00e0 c\u00e0i \u0111\u1eb7t app Momence tr\u00ean \u0111i\u1ec7n&#8230;<\/p>","protected":false},"author":446663,"featured_media":26744,"parent":0,"menu_order":0,"comment_status":"closed","ping_status":"closed","template":"","meta":{"_acf_changed":false,"bwfblock_default_font":"","_kad_blocks_custom_css":"","_kad_blocks_head_custom_js":"","_kad_blocks_body_custom_js":"","_kad_blocks_footer_custom_js":"","_kad_post_transparent":"","_kad_post_title":"","_kad_post_layout":"narrow","_kad_post_sidebar_id":"","_kad_post_content_style":"","_kad_post_vertical_padding":"","_kad_post_feature":"","_kad_post_feature_position":"","_kad_post_header":false,"_kad_post_footer":false,"_kad_post_classname":"","footnotes":""},"class_list":["post-23228","page","type-page","status-publish","has-post-thumbnail","hentry"],"acf":[],"taxonomy_info":[],"featured_image_src_large":["https:\/\/purna.vn\/wp-content\/uploads\/2024\/01\/momence-900x597.jpg",900,597,true],"author_info":{"display_name":"Thuan","author_link":"https:\/\/purna.vn\/en\/author\/thuanbui\/"},"comment_info":0,"_links":{"self":[{"href":"https:\/\/purna.vn\/en\/wp-json\/wp\/v2\/pages\/23228","targetHints":{"allow":["GET"]}}],"collection":[{"href":"https:\/\/purna.vn\/en\/wp-json\/wp\/v2\/pages"}],"about":[{"href":"https:\/\/purna.vn\/en\/wp-json\/wp\/v2\/types\/page"}],"author":[{"embeddable":true,"href":"https:\/\/purna.vn\/en\/wp-json\/wp\/v2\/users\/446663"}],"replies":[{"embeddable":true,"href":"https:\/\/purna.vn\/en\/wp-json\/wp\/v2\/comments?post=23228"}],"version-history":[{"count":6,"href":"https:\/\/purna.vn\/en\/wp-json\/wp\/v2\/pages\/23228\/revisions"}],"predecessor-version":[{"id":26759,"href":"https:\/\/purna.vn\/en\/wp-json\/wp\/v2\/pages\/23228\/revisions\/26759"}],"wp:featuredmedia":[{"embeddable":true,"href":"https:\/\/purna.vn\/en\/wp-json\/wp\/v2\/media\/26744"}],"wp:attachment":[{"href":"https:\/\/purna.vn\/en\/wp-json\/wp\/v2\/media?parent=23228"}],"curies":[{"name":"wp","href":"https:\/\/api.w.org\/{rel}","templated":true}]}}